{"id":371,"date":"2024-10-11T09:05:13","date_gmt":"2024-10-11T09:05:13","guid":{"rendered":"https:\/\/minima-dev.be\/?page_id=371"},"modified":"2024-10-27T17:58:52","modified_gmt":"2024-10-27T17:58:52","slug":"cookiebeleid","status":"publish","type":"page","link":"https:\/\/a-net.be\/de\/cookiebeleid\/","title":{"rendered":"Cookie-Richtlinie"},"content":{"rendered":"<div data-elementor-type=\"wp-page\" data-elementor-id=\"371\" class=\"elementor elementor-371\" data-elementor-post-type=\"page\">\n\t\t\t\t\t\t<section class=\"elementor-section elementor-top-section elementor-element elementor-element-a2ec18c elementor-section-boxed elementor-section-height-default elementor-section-height-default sc_fly_static\" data-id=\"a2ec18c\" data-element_type=\"section\" data-e-type=\"section\" data-settings=\"{&quot;background_background&quot;:&quot;classic&quot;}\">\n\t\t\t\t\t\t<div class=\"elementor-container elementor-column-gap-extended\">\n\t\t\t\t\t<div class=\"elementor-column elementor-col-100 elementor-top-column elementor-element elementor-element-e4f67bc sc_content_align_inherit sc_layouts_column_icons_position_left sc_fly_static\" data-id=\"e4f67bc\" data-element_type=\"column\" data-e-type=\"column\">\n\t\t\t<div class=\"elementor-widget-wrap elementor-element-populated\">\n\t\t\t\t\t\t<div class=\"elementor-element elementor-element-fc87c00 sc_fly_static elementor-widget elementor-widget-text-editor\" data-id=\"fc87c00\" data-element_type=\"widget\" data-e-type=\"widget\" data-widget_type=\"text-editor.default\">\n\t\t\t\t<div class=\"elementor-widget-container\">\n\t\t\t\t\t\t\t\t\t<h2>\u00dcber diese Cookie-Richtlinie<\/h2><p style=\"margin: 0px 0px 1.5em; color: #5f6973; font-family: 'Source Sans Pro', sans-serif; font-size: 17px; font-style: normal; font-weight: 400; letter-spacing: normal;\">(i) A-NET BV, mit Sitz in der Buntjesstraat 41, 3583 Beringen und der Unternehmensnummer 0689.769.077, (ii) ELECTROBUILD BV, mit Sitz in der Hermesstraat 4\/A, 1930 Zaventem und der Unternehmensnummer 0456.240.884, (iii) A-NET HOLDING COMMV, mit Sitz im Industrieweg 57B, 3583 Beringen und der Unternehmensnummer 0792.499.304, (iv) A-NET IMMO BV, mit eingetragenem Sitz in der Buntjesstraat 41, 3583 Beringen und der Firmennummer 0462.884.592 und (v) M.H.S. BV, mit eingetragenem Sitz in der Buntjesstraat 41, 3583 Beringen und der Firmennummer 0819.891.510 (im Folgenden zusammenfassend als \"<span style=\"font-weight: bold;\">A-Netz<\/span>\"), verwenden Cookies, um das Surferlebnis auf\u00a0<a style=\"transition-property: all; font-family: 'Source Sans Pro', sans-serif; color: #145cac !important;\" href=\"https:\/\/a-net.be\/de\/\">https:\/\/a-net.be\/<\/a>\u00a0(im Folgenden die \"<span style=\"font-weight: bold;\">Website<\/span>\") zu verbessern. Diese Cookies erm\u00f6glichen bestimmte Funktionen auf der Website oder messen, wie Besucher die Website nutzen.<\/p><p style=\"margin: 0px 0px 1.5em; color: #5f6973; font-family: 'Source Sans Pro', sans-serif; font-size: 17px; font-style: normal; font-weight: 400; letter-spacing: normal;\">Mit dieser Cookie-Richtlinie (im Folgenden die \"<span style=\"font-weight: bold;\">Cookie-Richtlinie<\/span>\"), w\u00fcnscht A-Net, dass Sie als Besucher der Website (im Folgenden der \"<span style=\"font-weight: bold;\">Besucher<\/span>\"), um sich dar\u00fcber zu informieren, welche Cookies A-Net verwendet und wie A-Net dies tut.<\/p><p style=\"margin: 0px 0px 1.5em; color: #5f6973; font-family: 'Source Sans Pro', sans-serif; font-size: 17px; font-style: normal; font-weight: 400; letter-spacing: normal;\">Diese Cookie-Richtlinie gilt nicht f\u00fcr Websites Dritter, die mit der Website verlinkt sind. Der Besucher sollte zu diesem Zweck die Cookie-Richtlinie dieser Drittpartei konsultieren.<\/p><p style=\"margin: 0px 0px 1.5em; color: #5f6973; font-family: 'Source Sans Pro', sans-serif; font-size: 17px; font-style: normal; font-weight: 400; letter-spacing: normal;\">A-Net ist berechtigt, diese Cookie-Richtlinie durch Ver\u00f6ffentlichung einer neuen Version auf der Website zu aktualisieren. Dies wird die aktuellste Version sein, aber wenn sich die Cookie-Richtlinie \u00e4ndert, wird der Besucher erneut aufgefordert, eine Cookie-Auswahl zu treffen.<\/p><h2><strong>Was sind Cookies?<\/strong><\/h2><p style=\"margin: 0px 0px 1.5em; color: #5f6973; font-family: 'Source Sans Pro', sans-serif; font-size: 17px; font-style: normal; font-weight: 400; letter-spacing: normal;\">Ein Cookie ist eine kleine Datei mit Daten, die vom Server der Website im Browser des mobilen Ger\u00e4ts oder Computers des Besuchers gespeichert wird, wenn der Besucher die Website aufruft. Ein Cookie kann sich Einstellungen merken und andere Informationen aufzeichnen. Bei einem sp\u00e4teren Besuch k\u00f6nnen die darin gespeicherten Informationen an die eigenen Server der Website oder an die Server der betreffenden Dritten zur\u00fcckgesendet werden.<\/p><p style=\"margin: 0px 0px 1.5em; color: #5f6973; font-family: 'Source Sans Pro', sans-serif; font-size: 17px; font-style: normal; font-weight: 400; letter-spacing: normal;\">Cookies machen die Interaktion zwischen der Website und dem Besucher im Allgemeinen schneller und einfacher und helfen dem Besucher, zwischen verschiedenen Teilen der Website zu navigieren. Cookies k\u00f6nnen auch verwendet werden, um den Inhalt der Website f\u00fcr den Besucher relevanter zu machen und ihn an seinen pers\u00f6nlichen Geschmack und seine Bed\u00fcrfnisse anzupassen.<\/p><h2>Welche Arten von Cookies gibt es?<\/h2><h3 style=\"font-family: Montserrat, sans-serif; line-height: 1.25em; margin: 1em 0px 0.5em; letter-spacing: normal; color: #000000 !important; font-size: 1.5em !important;\">Technisch notwendige Cookies und funktionale Cookies<\/h3><p style=\"margin: 0px 0px 1.5em; color: #5f6973; font-family: 'Source Sans Pro', sans-serif; font-size: 17px; font-style: normal; font-weight: 400; letter-spacing: normal;\">Diese Cookies sind f\u00fcr das ordnungsgem\u00e4\u00dfe Funktionieren und die Nutzung der Website unbedingt erforderlich. Da sie technisch notwendig sind, unterliegen sie nur einer Informationspflicht und werden platziert, sobald der Besucher die Website betritt.<\/p><p style=\"margin: 0px 0px 1.5em; color: #5f6973; font-family: 'Source Sans Pro', sans-serif; font-size: 17px; font-style: normal; font-weight: 400; letter-spacing: normal;\">Funktionale Cookies verbessern die Funktionalit\u00e4t der Website, indem sie die Pr\u00e4ferenzen des Besuchers speichern.\u00a0<\/p><p style=\"margin: 0px 0px 1.5em; color: #5f6973; font-family: 'Source Sans Pro', sans-serif; font-size: 17px; font-style: normal; font-weight: 400; letter-spacing: normal;\">Durch das Setzen von funktionalen Cookies sorgt A-Net daf\u00fcr, dass der Besucher die Website leichter besuchen kann. Auf diese Weise muss der Besucher zum Beispiel nicht immer wieder dieselben Informationen eingeben, wenn er die Website besucht. Diese Cookies sind f\u00fcr das ordnungsgem\u00e4\u00dfe Funktionieren der Website erforderlich. Der Besucher kann sie nicht ablehnen, wenn er auf der Website surfen m\u00f6chte, aber sie werden nur platziert, nachdem er eine Entscheidung \u00fcber die Platzierung von Cookies getroffen hat.<\/p><h3 style=\"font-family: Montserrat, sans-serif; line-height: 1.25em; margin: 1em 0px 0.5em; letter-spacing: normal; color: #000000 !important; font-size: 1.5em !important;\">Performance Cookies<\/h3><p style=\"margin: 0px 0px 1.5em; color: #5f6973; font-family: 'Source Sans Pro', sans-serif; font-size: 17px; font-style: normal; font-weight: 400; letter-spacing: normal;\">Diese Cookies sammeln Informationen, die es erm\u00f6glichen, den Inhalt und das Layout der Website zu bewerten und zu verbessern. A-Net kann diese auch f\u00fcr kommerzielle Zwecke verwenden. A-Net verwendet Performance-Cookies, um das Erlebnis f\u00fcr den Besucher zu optimieren. Durch Performance-Cookies erh\u00e4lt A-Net Einblick in die Nutzung der Website. A-Net bittet den Besucher um seine Erlaubnis, Performance-Cookies zu setzen.<\/p><h3 style=\"font-family: Montserrat, sans-serif; line-height: 1.25em; margin: 1em 0px 0.5em; letter-spacing: normal; color: #000000 !important; font-size: 1.5em !important;\">Werbe-Cookies<\/h3><p style=\"margin: 0px 0px 1.5em; color: #5f6973; font-family: 'Source Sans Pro', sans-serif; font-size: 17px; font-style: normal; font-weight: 400; letter-spacing: normal;\">Werbe-Cookies sind Cookies, die A-Net oder seine Werbetreibenden mit Zustimmung des Besuchers auf dessen Ger\u00e4t platzieren, um das Online-Browsing-Verhalten des Besuchers im Laufe der Zeit zu verfolgen und relevante, auf die pers\u00f6nlichen Pr\u00e4ferenzen des Besuchers zugeschnittene Angebote und Empfehlungen zu unterbreiten.<\/p><h3 style=\"font-family: Montserrat, sans-serif; line-height: 1.25em; margin: 1em 0px 0.5em; letter-spacing: normal; color: #000000 !important; font-size: 1.5em !important;\">Cookies f\u00fcr soziale Medien<\/h3><p style=\"margin: 0px 0px 1.5em; color: #5f6973; font-family: 'Source Sans Pro', sans-serif; font-size: 17px; font-style: normal; font-weight: 400; letter-spacing: normal;\">Cookies f\u00fcr soziale Medien werden f\u00fcr die Integration und Interaktion mit sozialen Netzwerken auf der Website verwendet. Die Website kann Social-Media-Plug-ins enthalten, z. B. von Facebook oder WhatsApp. Wenn der Besucher auf die Schaltfl\u00e4che f\u00fcr soziale Medien klickt und der Besucher folglich seine Zustimmung gibt, platziert das soziale Netzwerk Cookies auf dem Ger\u00e4t des Besuchers. Durch diese Cookies kann das Netzwerk sehen, was der Besucher im Internet tut und diese Daten f\u00fcr seine eigenen Zwecke nutzen.<\/p><h2>Welche Cookies werden von A-Net verwendet?<\/h2><p style=\"margin: 0px 0px 1.5em; color: #5f6973; font-family: 'Source Sans Pro', sans-serif; font-size: 17px; font-style: normal; font-weight: 400; letter-spacing: normal;\">A-Net verwendet die folgenden Cookies:<\/p><p>\u00a0<\/p><p style=\"margin: 0px 0px 1.5em; color: #5f6973; font-family: 'Source Sans Pro', sans-serif; font-size: 17px; font-style: normal; font-weight: 400; letter-spacing: normal;\"><strong><span style=\"color: #5f6973; font-family: Source Sans Pro, sans-serif;\"><span style=\"white-space: normal;\"><i>trx_addons_is_retina:<\/i><\/span><\/span><\/strong><\/p><ul><li><span style=\"color: #5f6973; font-family: Source Sans Pro, sans-serif;\"><span style=\"white-space: normal;\"><i>Domein: a-net.be<\/i><\/span><\/span><\/li><li><span style=\"color: #5f6973; font-family: Source Sans Pro, sans-serif;\"><span style=\"white-space: normal;\"><i>Zweck: Dieses Cookie hilft uns festzustellen, ob Sie ein Retina-Display verwenden, damit wir visuelle Inhalte optimal f\u00fcr Ihren Bildschirm darstellen k\u00f6nnen.<\/i><\/span><\/span><\/li><li><span style=\"color: #5f6973; font-family: Source Sans Pro, sans-serif;\"><span style=\"white-space: normal;\"><i>Dauer: Sitzung (wird gel\u00f6scht, wenn Sie Ihren Browser schlie\u00dfen)<\/i><\/span><\/span><\/li><li><i style=\"font-family: 'Source Sans Pro', sans-serif;\">Typ: Funktional<\/i><\/li><\/ul><p style=\"margin: 0px 0px 1.5em;\"><strong><span style=\"color: #5f6973; font-family: Source Sans Pro, sans-serif;\"><span style=\"white-space: normal;\"><i>Elementor<\/i><\/span><\/span><\/strong><\/p><ul><li><span style=\"color: #5f6973; font-family: Source Sans Pro, sans-serif;\"><span style=\"white-space: normal;\"><i>Domein: a-net.be<\/i><\/span><\/span><\/li><li><span style=\"color: #5f6973; font-family: Source Sans Pro, sans-serif;\"><span style=\"white-space: normal;\"><i>Zweck: Dieses Cookie wird von unserem WordPress-Theme verwendet und erm\u00f6glicht es uns, die <\/i><\/span><\/span><span style=\"color: #5f6973; font-family: Source Sans Pro, sans-serif;\"><span style=\"white-space: normal;\"><i>den Inhalt der Website in Echtzeit aktualisieren, damit Sie immer die neuesten Informationen sehen.<\/i><\/span><\/span><\/li><li><span style=\"color: #5f6973; font-family: Source Sans Pro, sans-serif;\"><span style=\"white-space: normal;\"><i>Dauer: Unbefristet (l\u00e4uft nicht ab)<\/i><\/span><\/span><\/li><li><span style=\"color: #5f6973; font-family: Source Sans Pro, sans-serif;\"><span style=\"white-space: normal;\"><i>Typ: Erforderlich<\/i><\/span><\/span><\/li><\/ul><p><strong><span style=\"color: #5f6973; font-family: Source Sans Pro, sans-serif;\"><span style=\"white-space: normal;\"><i>wpEmojiSettingsSupports<\/i><\/span><\/span><\/strong><\/p><ul><li><span style=\"color: #5f6973; font-family: Source Sans Pro, sans-serif;\"><span style=\"white-space: normal;\"><i>Domein: a-net.be<\/i><\/span><\/span><\/li><li><span style=\"color: #5f6973; font-family: Source Sans Pro, sans-serif;\"><span style=\"white-space: normal;\"><i>Zweck: Wird von WordPress bei der Verwendung von Emojis gesetzt, damit Ihr Browser sie richtig anzeigen kann.<\/i><\/span><\/span><\/li><li><span style=\"color: #5f6973; font-family: Source Sans Pro, sans-serif;\"><span style=\"white-space: normal;\"><i>Dauer: Sitzung (wird gel\u00f6scht, wenn Sie Ihren Browser schlie\u00dfen)<\/i><\/span><\/span><\/li><li><span style=\"color: #5f6973; font-family: Source Sans Pro, sans-serif;\"><span style=\"white-space: normal;\"><i>Typ: Erforderlich<\/i><\/span><\/span><\/li><\/ul><p style=\"margin: 0px 0px 1.5em;\"><span style=\"color: #5f6973; font-family: Source Sans Pro, sans-serif;\"><i>\u00a0<\/i><\/span><\/p><p style=\"margin: 0px 0px 1.5em;\"><span style=\"background-color: var(--theme-color-bg_color);\"><span style=\"color: #5f6973; font-family: Source Sans Pro, sans-serif;\"><i>Diese Cookies sind minimal und dienen dazu, Ihre Erfahrung auf unserer Website zu verbessern und sowohl die Funktionalit\u00e4t als auch die Aktualit\u00e4t der Inhalte sicherzustellen.<\/i><\/span><\/span><\/p><p>\u00a0<\/p><p style=\"margin: 0px 0px 1.5em;\"><span style=\"color: var(--theme-color-text_dark); font-family: 'DM Sans', sans-serif; font-size: 2.059rem; font-style: normal; font-weight: bold; letter-spacing: -1px; background-color: var(--theme-color-bg_color);\">Datenschutz in Bezug auf Cookies<\/span><\/p><p style=\"margin: 0px 0px 1.5em; color: #5f6973; font-family: 'Source Sans Pro', sans-serif; font-size: 17px; font-style: normal; font-weight: 400; letter-spacing: normal;\">Die Datenschutzrichtlinie von A-Net gilt auch f\u00fcr die Verarbeitung personenbezogener Daten, die \u00fcber die eingesetzten Cookies gesammelt werden k\u00f6nnen. Zu diesem Zweck kann der Besucher besuchen\u00a0<a style=\"transition-property: all; font-family: 'Source Sans Pro', sans-serif; color: #145cac !important;\" href=\"https:\/\/a-net.be\/de\/privacybeleid\/\">https:\/\/a-net.be\/privacybeleid\/<\/a>\u00a0.<\/p><h3>Erlaubnis<\/h3><p style=\"margin: 0px 0px 1.5em; color: #5f6973; font-family: 'Source Sans Pro', sans-serif; font-size: 17px; font-style: normal; font-weight: 400; letter-spacing: normal;\">Wenn der Besucher die Website zum ersten Mal besucht, wird ein Pop-up-Fenster angezeigt, in dem Cookies erkl\u00e4rt werden. Sobald der Besucher auf 'Einstellungen speichern' klickt, autorisiert er A-Net, die Kategorien von Cookies und Plug-ins zu verwenden, die er in dem Pop-up-Fenster ausgew\u00e4hlt hat und die in der Cookie-Richtlinie beschrieben sind. Der Besucher kann das Setzen von Cookies \u00fcber seinen Browser deaktivieren. Der Besucher sollte dann beachten, dass die Website dann m\u00f6glicherweise nicht mehr optimal funktioniert.<\/p><h3>Verwaltung und Deaktivierung von Cookies<\/h3><p style=\"margin: 0px 0px 1.5em; color: #5f6973; font-family: 'Source Sans Pro', sans-serif; font-size: 17px; font-style: normal; font-weight: 400; letter-spacing: normal;\">Der Besucher kann Cookies automatisch oder manuell \u00fcber seinen Internetbrowser l\u00f6schen. Der Besucher kann auch angeben, dass bestimmte Cookies nicht gesetzt werden sollen. Alternativ kann der Besucher seinen Internetbrowser so einstellen, dass er benachrichtigt wird, wenn ein Cookie gesetzt wird.<\/p><p style=\"margin: 0px 0px 1.5em; color: #5f6973; font-family: 'Source Sans Pro', sans-serif; font-size: 17px; font-style: normal; font-weight: 400; letter-spacing: normal;\">Die Website funktioniert m\u00f6glicherweise nicht optimal, wenn alle Cookies deaktiviert sind. Wenn der Besucher die Cookies im Browser l\u00f6scht, werden sie bei einem erneuten Besuch der Website nach Genehmigung erneut gesetzt.<\/p><h2>Kontaktangaben<\/h2><p style=\"margin: 0px 0px 1.5em; color: #5f6973; font-family: 'Source Sans Pro', sans-serif; font-size: 17px; font-style: normal; font-weight: 400; letter-spacing: normal;\">Bei Fragen und\/oder Kommentaren zur Cookie-Richtlinie wenden Sie sich bitte an A-Net unter den folgenden Kontaktinformationen:<\/p><ul style=\"margin-top: 0px; margin-bottom: 10px; color: #5f6973; font-family: 'Source Sans Pro', sans-serif; font-size: 17px; font-style: normal; font-weight: 400; letter-spacing: normal;\"><li>Adresse: Buntjesstraat 41 , 3583 Beringen, Belgien<\/li><li>E-Mail:\u00a0<a style=\"transition-property: all; font-family: 'Source Sans Pro', sans-serif; color: #145cac !important;\" href=\"mailto:privacy@a-net.be\">privacy@a-net.be<\/a><\/li><\/ul>\t\t\t\t\t\t\t\t<\/div>\n\t\t\t\t<\/div>\n\t\t\t\t\t<\/div>\n\t\t<\/div>\n\t\t\t\t\t<\/div>\n\t\t<\/section>\n\t\t\t\t<section class=\"elementor-section elementor-top-section elementor-element elementor-element-1ce0fbce elementor-section-boxed elementor-section-height-default elementor-section-height-default sc_fly_static\" data-id=\"1ce0fbce\" data-element_type=\"section\" data-e-type=\"section\">\n\t\t\t\t\t\t<div class=\"elementor-container elementor-column-gap-extended\">\n\t\t\t\t\t<div class=\"elementor-column elementor-col-100 elementor-top-column elementor-element elementor-element-71737124 sc_content_align_inherit sc_layouts_column_icons_position_left sc_fly_static\" data-id=\"71737124\" data-element_type=\"column\" data-e-type=\"column\">\n\t\t\t<div class=\"elementor-widget-wrap elementor-element-populated\">\n\t\t\t\t\t\t<div class=\"elementor-element elementor-element-653057c1 sc_fly_static elementor-widget elementor-widget-spacer\" data-id=\"653057c1\" data-element_type=\"widget\" data-e-type=\"widget\" data-widget_type=\"spacer.default\">\n\t\t\t\t<div class=\"elementor-widget-container\">\n\t\t\t\t\t\t\t<div class=\"elementor-spacer\">\n\t\t\t<div class=\"elementor-spacer-inner\"><\/div>\n\t\t<\/div>\n\t\t\t\t\t\t<\/div>\n\t\t\t\t<\/div>\n\t\t\t\t\t<\/div>\n\t\t<\/div>\n\t\t\t\t\t<\/div>\n\t\t<\/section>\n\t\t\t\t<\/div>","protected":false},"excerpt":{"rendered":"<p>\u00dcber diese Cookie-Richtlinie (i) A-NET BV, mit Sitz in der Buntjesstraat 41, 3583 Beringen und mit der Firmennummer 0689.769.077, (ii) ELECTROBUILD BV, mit Sitz in der Hermesstraat 4\/A, 1930 Zaventem und mit der Firmennummer 0456.240.884,...<\/p>","protected":false},"author":1,"featured_media":0,"parent":0,"menu_order":9999999,"comment_status":"closed","ping_status":"closed","template":"","meta":{"footnotes":""},"class_list":["post-371","page","type-page","status-publish","hentry"],"yoast_head":"<!-- This site is optimized with the Yoast SEO Premium plugin v21.7 (Yoast SEO v26.9) - https:\/\/yoast.com\/product\/yoast-seo-premium-wordpress\/ -->\n<title>Cookiebeleid - A-NET<\/title>\n<meta name=\"robots\" content=\"index, follow, max-snippet:-1, max-image-preview:large, max-video-preview:-1\" \/>\n<link rel=\"canonical\" href=\"https:\/\/a-net-be-867172.hostingersite.com\/cookiebeleid\/\" \/>\n<meta property=\"og:locale\" content=\"de_DE\" \/>\n<meta property=\"og:type\" content=\"article\" \/>\n<meta property=\"og:title\" content=\"Cookiebeleid\" \/>\n<meta property=\"og:description\" content=\"Over dit cookiebeleid (i) A-NET BV, met vennootschapszetel te\u00a0Buntjesstraat 41, 3583 Beringen en met ondernemingsnummer 0689.769.077, (ii) ELECTROBUILD BV, met vennootschapszetel te Hermesstraat 4\/A, 1930 Zaventem en met ondernemingsnummer 0456.240.884,&hellip;\" \/>\n<meta property=\"og:url\" content=\"https:\/\/a-net-be-867172.hostingersite.com\/cookiebeleid\/\" \/>\n<meta property=\"og:site_name\" content=\"A-NET\" \/>\n<meta property=\"article:modified_time\" content=\"2024-10-27T17:58:52+00:00\" \/>\n<meta name=\"twitter:card\" content=\"summary_large_image\" \/>\n<meta name=\"twitter:label1\" content=\"Gesch\u00e4tzte Lesezeit\" \/>\n\t<meta name=\"twitter:data1\" content=\"5\u00a0Minuten\" \/>\n<script type=\"application\/ld+json\" class=\"yoast-schema-graph\">{\"@context\":\"https:\/\/schema.org\",\"@graph\":[{\"@type\":\"WebPage\",\"@id\":\"https:\/\/a-net-be-867172.hostingersite.com\/cookiebeleid\/\",\"url\":\"https:\/\/a-net-be-867172.hostingersite.com\/cookiebeleid\/\",\"name\":\"Cookiebeleid - A-NET\",\"isPartOf\":{\"@id\":\"https:\/\/a-net-be-867172.hostingersite.com\/#website\"},\"datePublished\":\"2024-10-11T09:05:13+00:00\",\"dateModified\":\"2024-10-27T17:58:52+00:00\",\"breadcrumb\":{\"@id\":\"https:\/\/a-net-be-867172.hostingersite.com\/cookiebeleid\/#breadcrumb\"},\"inLanguage\":\"de\",\"potentialAction\":[{\"@type\":\"ReadAction\",\"target\":[\"https:\/\/a-net-be-867172.hostingersite.com\/cookiebeleid\/\"]}]},{\"@type\":\"BreadcrumbList\",\"@id\":\"https:\/\/a-net-be-867172.hostingersite.com\/cookiebeleid\/#breadcrumb\",\"itemListElement\":[{\"@type\":\"ListItem\",\"position\":1,\"name\":\"Home\",\"item\":\"https:\/\/a-net.be\/\"},{\"@type\":\"ListItem\",\"position\":2,\"name\":\"Cookiebeleid\"}]},{\"@type\":\"WebSite\",\"@id\":\"https:\/\/a-net-be-867172.hostingersite.com\/#website\",\"url\":\"https:\/\/a-net-be-867172.hostingersite.com\/\",\"name\":\"A-NET\",\"description\":\"\",\"publisher\":{\"@id\":\"https:\/\/a-net-be-867172.hostingersite.com\/#organization\"},\"potentialAction\":[{\"@type\":\"SearchAction\",\"target\":{\"@type\":\"EntryPoint\",\"urlTemplate\":\"https:\/\/a-net-be-867172.hostingersite.com\/?s={search_term_string}\"},\"query-input\":{\"@type\":\"PropertyValueSpecification\",\"valueRequired\":true,\"valueName\":\"search_term_string\"}}],\"inLanguage\":\"de\"},{\"@type\":\"Organization\",\"@id\":\"https:\/\/a-net-be-867172.hostingersite.com\/#organization\",\"name\":\"A-NET\",\"url\":\"https:\/\/a-net-be-867172.hostingersite.com\/\",\"logo\":{\"@type\":\"ImageObject\",\"inLanguage\":\"de\",\"@id\":\"https:\/\/a-net-be-867172.hostingersite.com\/#\/schema\/logo\/image\/\",\"url\":\"https:\/\/a-net.be\/wp-content\/uploads\/2024\/10\/cropped-logo-zwart-new.png\",\"contentUrl\":\"https:\/\/a-net.be\/wp-content\/uploads\/2024\/10\/cropped-logo-zwart-new.png\",\"width\":830,\"height\":268,\"caption\":\"A-NET\"},\"image\":{\"@id\":\"https:\/\/a-net-be-867172.hostingersite.com\/#\/schema\/logo\/image\/\"}}]}<\/script>\n<!-- \/ Yoast SEO Premium plugin. -->","yoast_head_json":{"title":"Cookiebeleid - A-NET","robots":{"index":"index","follow":"follow","max-snippet":"max-snippet:-1","max-image-preview":"max-image-preview:large","max-video-preview":"max-video-preview:-1"},"canonical":"https:\/\/a-net-be-867172.hostingersite.com\/cookiebeleid\/","og_locale":"de_DE","og_type":"article","og_title":"Cookiebeleid","og_description":"Over dit cookiebeleid (i) A-NET BV, met vennootschapszetel te\u00a0Buntjesstraat 41, 3583 Beringen en met ondernemingsnummer 0689.769.077, (ii) ELECTROBUILD BV, met vennootschapszetel te Hermesstraat 4\/A, 1930 Zaventem en met ondernemingsnummer 0456.240.884,&hellip;","og_url":"https:\/\/a-net-be-867172.hostingersite.com\/cookiebeleid\/","og_site_name":"A-NET","article_modified_time":"2024-10-27T17:58:52+00:00","twitter_card":"summary_large_image","twitter_misc":{"Gesch\u00e4tzte Lesezeit":"5\u00a0Minuten"},"schema":{"@context":"https:\/\/schema.org","@graph":[{"@type":"WebPage","@id":"https:\/\/a-net-be-867172.hostingersite.com\/cookiebeleid\/","url":"https:\/\/a-net-be-867172.hostingersite.com\/cookiebeleid\/","name":"Cookiebeleid - A-NET","isPartOf":{"@id":"https:\/\/a-net-be-867172.hostingersite.com\/#website"},"datePublished":"2024-10-11T09:05:13+00:00","dateModified":"2024-10-27T17:58:52+00:00","breadcrumb":{"@id":"https:\/\/a-net-be-867172.hostingersite.com\/cookiebeleid\/#breadcrumb"},"inLanguage":"de","potentialAction":[{"@type":"ReadAction","target":["https:\/\/a-net-be-867172.hostingersite.com\/cookiebeleid\/"]}]},{"@type":"BreadcrumbList","@id":"https:\/\/a-net-be-867172.hostingersite.com\/cookiebeleid\/#breadcrumb","itemListElement":[{"@type":"ListItem","position":1,"name":"Home","item":"https:\/\/a-net.be\/"},{"@type":"ListItem","position":2,"name":"Cookiebeleid"}]},{"@type":"WebSite","@id":"https:\/\/a-net-be-867172.hostingersite.com\/#website","url":"https:\/\/a-net-be-867172.hostingersite.com\/","name":"A-NET","description":"","publisher":{"@id":"https:\/\/a-net-be-867172.hostingersite.com\/#organization"},"potentialAction":[{"@type":"SearchAction","target":{"@type":"EntryPoint","urlTemplate":"https:\/\/a-net-be-867172.hostingersite.com\/?s={search_term_string}"},"query-input":{"@type":"PropertyValueSpecification","valueRequired":true,"valueName":"search_term_string"}}],"inLanguage":"de"},{"@type":"Organization","@id":"https:\/\/a-net-be-867172.hostingersite.com\/#organization","name":"A-NET","url":"https:\/\/a-net-be-867172.hostingersite.com\/","logo":{"@type":"ImageObject","inLanguage":"de","@id":"https:\/\/a-net-be-867172.hostingersite.com\/#\/schema\/logo\/image\/","url":"https:\/\/a-net.be\/wp-content\/uploads\/2024\/10\/cropped-logo-zwart-new.png","contentUrl":"https:\/\/a-net.be\/wp-content\/uploads\/2024\/10\/cropped-logo-zwart-new.png","width":830,"height":268,"caption":"A-NET"},"image":{"@id":"https:\/\/a-net-be-867172.hostingersite.com\/#\/schema\/logo\/image\/"}}]}},"_links":{"self":[{"href":"https:\/\/a-net.be\/de\/wp-json\/wp\/v2\/pages\/371","targetHints":{"allow":["GET"]}}],"collection":[{"href":"https:\/\/a-net.be\/de\/wp-json\/wp\/v2\/pages"}],"about":[{"href":"https:\/\/a-net.be\/de\/wp-json\/wp\/v2\/types\/page"}],"author":[{"embeddable":true,"href":"https:\/\/a-net.be\/de\/wp-json\/wp\/v2\/users\/1"}],"replies":[{"embeddable":true,"href":"https:\/\/a-net.be\/de\/wp-json\/wp\/v2\/comments?post=371"}],"version-history":[{"count":21,"href":"https:\/\/a-net.be\/de\/wp-json\/wp\/v2\/pages\/371\/revisions"}],"predecessor-version":[{"id":1478,"href":"https:\/\/a-net.be\/de\/wp-json\/wp\/v2\/pages\/371\/revisions\/1478"}],"wp:attachment":[{"href":"https:\/\/a-net.be\/de\/wp-json\/wp\/v2\/media?parent=371"}],"curies":[{"name":"wp","href":"https:\/\/api.w.org\/{rel}","templated":true}]}}