{"id":43,"date":"2021-01-27T08:23:10","date_gmt":"2021-01-27T08:23:10","guid":{"rendered":"https:\/\/minima-dev.be\/privacy-policy\/"},"modified":"2024-12-11T11:27:06","modified_gmt":"2024-12-11T11:27:06","slug":"privacybeleid","status":"publish","type":"page","link":"https:\/\/a-net.be\/de\/privacybeleid\/","title":{"rendered":"Datenschutzbestimmungen"},"content":{"rendered":"<div data-elementor-type=\"wp-page\" data-elementor-id=\"43\" class=\"elementor elementor-43\" data-elementor-post-type=\"page\">\n\t\t\t\t\t\t<section class=\"elementor-section elementor-top-section elementor-element elementor-element-a2ec18c elementor-section-boxed elementor-section-height-default elementor-section-height-default sc_fly_static\" data-id=\"a2ec18c\" data-element_type=\"section\" data-e-type=\"section\" data-settings=\"{&quot;background_background&quot;:&quot;classic&quot;}\">\n\t\t\t\t\t\t<div class=\"elementor-container elementor-column-gap-extended\">\n\t\t\t\t\t<div class=\"elementor-column elementor-col-100 elementor-top-column elementor-element elementor-element-e4f67bc sc_content_align_inherit sc_layouts_column_icons_position_left sc_fly_static\" data-id=\"e4f67bc\" data-element_type=\"column\" data-e-type=\"column\">\n\t\t\t<div class=\"elementor-widget-wrap elementor-element-populated\">\n\t\t\t\t\t\t<div class=\"elementor-element elementor-element-fc87c00 sc_fly_static elementor-widget elementor-widget-text-editor\" data-id=\"fc87c00\" data-element_type=\"widget\" data-e-type=\"widget\" data-widget_type=\"text-editor.default\">\n\t\t\t\t<div class=\"elementor-widget-container\">\n\t\t\t\t\t\t\t\t\t<h2 class=\"wp-block-heading\"><strong>Artikel 1: Anwendungsbereich<\/strong><\/h2><p>1.1 Diese Datenschutzrichtlinie (die \"<strong>Datenschutzbestimmungen<\/strong>\") gilt f\u00fcr alle personenbezogenen Daten, die sich im Besitz von (i) A-NET BV, mit eingetragenem Sitz in Industrieweg 57B, 3583 Beringen und mit der Unternehmensnummer 0689.769.077, (ii) ELECTROBUILD BV, mit eingetragenem Sitz in Hermesstraat 4\/A, 1930 Zaventem und mit der Unternehmensnummer 0456.240.884, (iii) A-NET HOLDING COMMV, mit Sitz in Industrieweg 57B, 3583 Beringen und der Firmennummer 0792.499.304, (iv) A-NET IMMO BV, mit Sitz in Buntjesstraat 41, 3583 Beringen und der Firmennummer 0462.884.592 und (v) M.H.S. BV, mit Sitz in Buntjesstraat 41, 3583 Beringen und der Firmennummer 0819.891.510 (nachstehend zusammen als \"<strong>wir<\/strong>\", \"<strong>wir<\/strong>\" oder \"<strong>A-Netz<\/strong>\") verarbeitet.<\/p><p>1.2 Damit A-Net einen guten Service bieten kann, arbeiten wir unter anderem mit personenbezogenen Daten. Mit dieser Datenschutzerkl\u00e4rung m\u00f6chten wir Ihnen n\u00e4her erl\u00e4utern, wie wir mit den von uns gespeicherten personenbezogenen Daten umgehen.<\/p><p>1.3 Durch die Nutzung unserer Website\u00a0<a href=\"https:\/\/a-netservice.be\/\">https:\/\/a-netservice.be\/<\/a>\u00a0(im Folgenden die \"<strong>Website<\/strong>\") und\/oder unsere Dienstleistungen in Anspruch nehmen, best\u00e4tigen Sie, dass Sie diese Datenschutzrichtlinie sorgf\u00e4ltig gelesen haben und ihr vorbehaltlos zustimmen.<\/p><h2 class=\"wp-block-heading\"><strong>Artikel 2: Definitionen<\/strong><\/h2><p>2.1\u00a0\u00a0\u00a0\u00a0\u00a0\u00a0\u00a0<strong>Pers\u00f6nliche Daten<\/strong>\u00a0umfassen alle Daten, durch die eine Person direkt oder indirekt identifiziert werden kann, wie z.B. Name, Vorname, Adresse, Telefonnummer, IP-Adresse, Rechnungsdaten,... Ebenfalls enthalten sind alle Daten, die entweder direkt oder durch Kombination zur Identifizierung einer Person f\u00fchren k\u00f6nnen.<\/p><p>2.2\u00a0\u00a0\u00a0\u00a0\u00a0\u00a0\u00a0<strong>Prozess<\/strong>\u00a0umfasst praktisch jede Verwendung personenbezogener Daten, wie z.B. deren Erhebung, Speicherung, \u00c4nderung, Abfrage, Verbreitung oder L\u00f6schung.<\/p><p>2.3\u00a0\u00a0\u00a0\u00a0\u00a0\u00a0\u00a0<strong>Der Controller<\/strong>\u00a0bestimmt, welche personenbezogenen Daten verarbeitet werden, mit welchen Mitteln und zu welchen Zwecken.<\/p><p>2.4\u00a0\u00a0\u00a0\u00a0\u00a0\u00a0\u00a0<strong>Prozessoren<\/strong>\u00a0sind Parteien, die personenbezogene Daten im Auftrag des f\u00fcr die Verarbeitung Verantwortlichen verarbeiten. Wir schlie\u00dfen mit jedem Auftragsverarbeiter einen Auftragsverarbeitungsvertrag als Rahmenvereinbarung, um Ihre personenbezogenen Daten bestm\u00f6glich zu sch\u00fctzen.<\/p><h2 class=\"wp-block-heading\"><strong>Artikel 3: Schutz personenbezogener Daten (allgemeine Bestimmungen)<\/strong>)<\/h2><p>3.1 Wir halten es f\u00fcr wichtig, Ihre pers\u00f6nlichen Daten mit Sorgfalt zu behandeln. Wir tun dies daher in \u00dcbereinstimmung mit der europ\u00e4ischen Datenschutzgesetzgebung (die \"<strong>Allgemeine Datenschutzverordnung<\/strong>\", abgek\u00fcrzt als \"<strong>AVG<\/strong>\" oder \"<strong>GDPR<\/strong>\") und die einschl\u00e4gigen lokalen Gesetze zur Umsetzung des AVG, darunter unter anderem das Gesetz vom 30. Juli 2018 \u00fcber den Schutz nat\u00fcrlicher Personen bei der Verarbeitung personenbezogener Daten (im Folgenden zusammen mit dem AVG als das \"<strong>Datenschutzgesetz<\/strong>\").<\/p><p>3.2 Wir verarbeiten nur die personenbezogenen Daten, die f\u00fcr die verfolgten Zwecke erforderlich sind. Dabei achten wir auf die Vollst\u00e4ndigkeit und Richtigkeit Ihrer personenbezogenen Daten.<\/p><p>3.3 Grunds\u00e4tzlich bewahren wir Ihre personenbezogenen Daten nicht l\u00e4nger auf, als es f\u00fcr den Zweck, f\u00fcr den sie erhoben wurden, erforderlich ist (siehe im Einzelnen Artikel 8).<\/p><p>3.4 Wir ergreifen auch die notwendigen Sicherheitsma\u00dfnahmen, um die von uns verarbeiteten personenbezogenen Daten angemessen zu sch\u00fctzen. Insbesondere ergreifen wir die folgenden Ma\u00dfnahmen:<\/p><ul><li>Auf Ihre pers\u00f6nlichen Daten k\u00f6nnen nur diejenigen zugreifen, die sie zur Erf\u00fcllung ihrer Aufgaben ben\u00f6tigen;<\/li><li>Alle Personen, die an der Verarbeitung Ihrer pers\u00f6nlichen Daten beteiligt sind, sowohl interne Mitarbeiter als auch externe Parteien, sind ebenfalls gesetzlich oder vertraglich zur Geheimhaltung verpflichtet, indem sie sich vertraglich zur Vertraulichkeit verpflichten;<\/li><li>Eingeschr\u00e4nkter Zugang zu Servern, auf denen pers\u00f6nliche Daten gespeichert sind (Eingabe von Passw\u00f6rtern, um ins Programm zu gelangen).<\/li><\/ul><p>3.5 Wir k\u00f6nnen unter keinen Umst\u00e4nden f\u00fcr direkte oder indirekte Sch\u00e4den haftbar gemacht werden, die sich aus einer unrichtigen oder unrechtm\u00e4\u00dfigen Verwendung personenbezogener Daten durch Dritte ergeben, es sei denn, diese Dritten wurden von uns beauftragt.<\/p><p>3.6 Sie m\u00fcssen die Sicherheitsvorschriften jederzeit einhalten. Sie sind daher allein verantwortlich f\u00fcr die Nutzung Ihres Computers, Ihrer IP-Adresse und Ihrer Identifikationsdaten auf der Website sowie f\u00fcr deren Vertraulichkeit.<\/p><p>3.7 Wenn wir Auftragsverarbeiter beauftragen, legen wir den Rahmen der Vereinbarungen \u00fcber diese Verarbeitung in einem Verarbeitungsvertrag fest. Ein solcher Verarbeitungsvertrag regelt unter anderem den Zweck und die Rechtm\u00e4\u00dfigkeit der Verarbeitung sowie die Sicherheit der personenbezogenen Daten.<\/p><h2 class=\"wp-block-heading\"><strong>Artikel 4: Welche personenbezogenen Daten verarbeiten wir und auf welche Weise?<\/strong><\/h2><p>4.1 Wir k\u00f6nnen die folgenden personenbezogenen Daten verarbeiten:<\/p><ul><li>Beim Besuch der Website: einschlie\u00dflich Ihrer IP-Adresse und Ihrer Wahl der Sprache, des Browsertyps, des geografischen Standorts, der Einstellungen, des Betriebssystems usw. (\"technische Informationen\") und mit Hilfe von Cookies (siehe Cookie-Richtlinie:\u00a0<a title=\"a-netservice.be\/cookie-policy\" href=\"http:\/\/httpsa-netservice.be\/cookiebeleid\">a-netservice.be\/cookie-policy<\/a>)<\/li><li>Beim Ausf\u00fcllen des Kontaktformulars: Name, Vorname, E-Mail-Adresse, Telefonnummer und alle anderen pers\u00f6nlichen Daten, die Sie in der Nachricht angeben;<\/li><li>F\u00fcr jeden anderen Kontakt mit uns, zum Beispiel per E-Mail oder Telefon: die Daten, die Sie uns bei der Kontaktaufnahme mitteilen.<\/li><\/ul><h2 class=\"wp-block-heading\"><strong>Artikel 5: Warum verarbeiten wir Ihre personenbezogenen Daten (Zwecke)?<\/strong><\/h2><p>5.1 Wir erheben und verwenden Ihre personenbezogenen Daten nur, wenn wir einen klaren und legitimen Zweck daf\u00fcr festgelegt haben.<\/p><p>5.2 Wir sammeln technische Informationen zur Pflege und Verbesserung der Website und zur Erstellung anonymer Besucherstatistiken.<\/p><p>5.3 Wir erheben auch personenbezogene Daten (z.B. Identit\u00e4tsdaten), um (i) einen Vertrag erf\u00fcllen zu k\u00f6nnen, (ii) eine gesetzliche Verpflichtung zu erf\u00fcllen oder (iii) um Sie als Reaktion auf eine bestimmte Anfrage, die Sie an uns richten, zu kontaktieren.<\/p><p>5.4 Wir werden Ihre personenbezogenen Daten daher unter anderem verarbeiten, um einen Vertrag mit Ihnen zu schlie\u00dfen und zu erf\u00fcllen, um einer rechtlichen Verpflichtung nachzukommen oder um unsere eigenen berechtigten Interessen zu wahren. Wenn Sie die erforderlichen personenbezogenen Daten nicht bereitstellen k\u00f6nnen, k\u00f6nnen wir nicht garantieren, dass wir:<\/p><ul><li>in der Lage sein, einen Vertrag mit Ihnen abzuschlie\u00dfen;<\/li><li>in der Lage sein, Ihre Anfrage zu bearbeiten;<\/li><li>in der Lage sein, Sie zu kontaktieren.<\/li><\/ul><h2 class=\"wp-block-heading\"><strong>Artikel 6: D\u00fcrfen wir Ihre personenbezogenen Daten verarbeiten (Rechtsgrundlage)?<\/strong><\/h2><p>6.1 Wir verarbeiten die personenbezogenen Daten, die Sie \u00fcber die Website und\/oder per E-Mail und\/oder auf anderem Wege zur Verf\u00fcgung stellen, auf der Grundlage der folgenden Verarbeitungsgr\u00fcnde:<\/p><ul><li>um einer gesetzlichen Verpflichtung nachzukommen, z.B. wenn eine staatliche Beh\u00f6rde uns zwingt, bestimmte pers\u00f6nliche Daten zu \u00fcbermitteln;<\/li><li>wenn Sie Ihre ausdr\u00fcckliche Zustimmung dazu gegeben haben, z. B. \u00fcber Kontaktformulare, m\u00fcndlich, per E-Mail usw;<\/li><li>F\u00fcr die Erf\u00fcllung einer Vereinbarung mit Ihnen.<\/li><\/ul><h2 class=\"wp-block-heading\"><strong>Artikel 7: Geben wir Ihre pers\u00f6nlichen Daten an andere weiter (ob au\u00dferhalb der EU oder nicht)?<\/strong><\/h2><p>7.1 Wir geben Ihre Daten nicht an Dritte weiter, au\u00dfer in den folgenden F\u00e4llen:<\/p><ul><li>Sie uns vorher die Erlaubnis dazu geben;<\/li><li>wir gesetzlich dazu verpflichtet sind;<\/li><li>sie als Teil einer (gerichtlichen) Untersuchung angefordert werden;<\/li><li>wenn wir ein externes Unternehmen (z.B. unseren Website-Ersteller, ein Softwareunternehmen oder eine spezialisierte Beratungsfirma) mit der Ausf\u00fchrung einer Aufgabe beauftragen, darf dieses Ihre personenbezogenen Daten nur in dem mit ihm vereinbarten Rahmen und nach Einhaltung der Bestimmungen des Datenschutzgesetzes verarbeiten. Zu diesem Zweck haben wir mit diesen externen Unternehmen die erforderlichen Verarbeitungsvertr\u00e4ge abgeschlossen.<\/li><\/ul><p>7.2 Wir werden Ihre pers\u00f6nlichen Daten nicht verkaufen, vermieten oder Dritten kommerziell zur Verf\u00fcgung stellen, es sei denn, Sie haben dem vorher zugestimmt.<\/p><h2 class=\"wp-block-heading\"><strong>Artikel 8: Wie lange bewahren wir Ihre pers\u00f6nlichen Daten auf?<\/strong><\/h2><p>8.1 Ihre personenbezogenen Daten werden nur so lange verarbeitet, wie es f\u00fcr die Erf\u00fcllung der Zwecke erforderlich ist. Sie werden also so lange aufbewahrt, wie es f\u00fcr die Erf\u00fcllung der Zwecke oder die Einhaltung gesetzlicher Vorschriften (einschlie\u00dflich im Bereich der Buchhaltung oder aufgrund spezifischer Gesetze) erforderlich ist.<\/p><h2 class=\"wp-block-heading\"><strong>Artikel 9: Welche Rechte haben Sie?<\/strong><\/h2><p>9.1 In \u00dcbereinstimmung mit dem Privacy Act haben Sie die folgenden Rechte in Bezug auf Ihre pers\u00f6nlichen Daten:<\/p><ul><li>Recht auf Einsichtnahme;<\/li><li>Recht auf Verbesserung;<\/li><li>Recht auf L\u00f6schung;<\/li><li>Recht auf Einschr\u00e4nkung;<\/li><li>Recht auf Widerspruch;<\/li><li>Recht auf \u00dcbertragbarkeit.<\/li><\/ul><p>9.2 Wenn die Verarbeitung auf Ihrer vorherigen Zustimmung beruht, haben Sie nat\u00fcrlich immer das Recht, diese Zustimmung zu widerrufen.<\/p><p>9.3 Sie k\u00f6nnen die oben genannten Rechte aus\u00fcben:<\/p><ul><li>per E-Mail an\u00a0<a href=\"mailto:privacy@a-netservice.be\">privacy@a-netservice.be<\/a><\/li><li>per Einschreiben an A-Net, unter folgender Adresse: Industrieweg 57B, 3583 Beringen.<\/li><\/ul><p>9.4 Wir werden uns bem\u00fchen, Ihnen so schnell wie m\u00f6glich, sp\u00e4testens jedoch innerhalb von 30 (drei\u00dfig) Tagen nach Erhalt der Anfrage zu antworten.<\/p><p>9.5 Wir behalten uns das Recht vor, zu Identifikationszwecken eine zus\u00e4tzliche Identifikation zu verlangen.<\/p><p>9.6 Schlie\u00dflich haben Sie das Recht, eine Beschwerde gegen oder \u00fcber die Verarbeitung Ihrer personenbezogenen Daten bei der belgischen Datenschutzbeh\u00f6rde, Rue du Printing Press 35, 1000 Br\u00fcssel, Tel +32 (0)2 274 48 00, E-Mail, einzureichen:\u00a0<a href=\"mailto:contact@apd-gba.be\">contact@apd-gba.be<\/a>.<\/p><h2 class=\"wp-block-heading\"><strong>Artikel 10: \u00c4nderungen<\/strong><\/h2><p>10.1 A-Net beh\u00e4lt sich das Recht vor, jederzeit \u00c4nderungen an der Datenschutzerkl\u00e4rung vorzunehmen. Durch die Nutzung der Website und\/oder die Inanspruchnahme unserer Dienstleistungen akzeptieren Sie alle Bedingungen der Datenschutzrichtlinie in der zum Zeitpunkt der Nutzung geltenden Fassung. Bei jedem Zugriff auf die Website, nachdem die Datenschutzbestimmungen ge\u00e4ndert wurden, wird davon ausgegangen, dass Sie die \u00c4nderungen zur Kenntnis genommen haben und sie in dem Ma\u00dfe akzeptieren, wie diese \u00c4nderungen in den ge\u00e4nderten Datenschutzbestimmungen sichtbar sind.<\/p>\t\t\t\t\t\t\t\t<\/div>\n\t\t\t\t<\/div>\n\t\t\t\t\t<\/div>\n\t\t<\/div>\n\t\t\t\t\t<\/div>\n\t\t<\/section>\n\t\t\t\t<\/div>","protected":false},"excerpt":{"rendered":"<p>Artikel 1: Geltungsbereich 1.1 Diese Datenschutzrichtlinie (die \"Datenschutzrichtlinie\") gilt f\u00fcr alle personenbezogenen Daten, die von (i) A-NET BV, mit Sitz am Industrieweg 57B, 3583 Beringen und der Firmennummer 0689.769.077, (ii)...<\/p>","protected":false},"author":1,"featured_media":0,"parent":0,"menu_order":9999999,"comment_status":"closed","ping_status":"closed","template":"","meta":{"footnotes":""},"class_list":["post-43","page","type-page","status-publish","hentry"],"yoast_head":"<!-- This site is optimized with the Yoast SEO Premium plugin v21.7 (Yoast SEO v26.9) - https:\/\/yoast.com\/product\/yoast-seo-premium-wordpress\/ -->\n<title>Privacybeleid - A-NET<\/title>\n<meta name=\"robots\" content=\"index, follow, max-snippet:-1, max-image-preview:large, max-video-preview:-1\" \/>\n<link rel=\"canonical\" href=\"https:\/\/a-net-be-867172.hostingersite.com\/privacybeleid\/\" \/>\n<meta property=\"og:locale\" content=\"de_DE\" \/>\n<meta property=\"og:type\" content=\"article\" \/>\n<meta property=\"og:title\" content=\"Privacybeleid\" \/>\n<meta property=\"og:description\" content=\"Artikel 1: Toepassingsgebied 1.1\u00a0\u00a0\u00a0\u00a0\u00a0\u00a0 Dit privacybeleid (het \u201cPrivacybeleid\u201d) is van toepassing op alle persoonsgegevens die (i) A-NET BV, met vennootschapszetel te Industrieweg 57B, 3583 Beringen en met ondernemingsnummer 0689.769.077, (ii)&hellip;\" \/>\n<meta property=\"og:url\" content=\"https:\/\/a-net-be-867172.hostingersite.com\/privacybeleid\/\" \/>\n<meta property=\"og:site_name\" content=\"A-NET\" \/>\n<meta property=\"article:modified_time\" content=\"2024-12-11T11:27:06+00:00\" \/>\n<meta name=\"twitter:card\" content=\"summary_large_image\" \/>\n<meta name=\"twitter:label1\" content=\"Gesch\u00e4tzte Lesezeit\" \/>\n\t<meta name=\"twitter:data1\" content=\"7\u00a0Minuten\" \/>\n<script type=\"application\/ld+json\" class=\"yoast-schema-graph\">{\"@context\":\"https:\/\/schema.org\",\"@graph\":[{\"@type\":\"WebPage\",\"@id\":\"https:\/\/a-net-be-867172.hostingersite.com\/privacybeleid\/\",\"url\":\"https:\/\/a-net-be-867172.hostingersite.com\/privacybeleid\/\",\"name\":\"Privacybeleid - A-NET\",\"isPartOf\":{\"@id\":\"https:\/\/a-net-be-867172.hostingersite.com\/#website\"},\"datePublished\":\"2021-01-27T08:23:10+00:00\",\"dateModified\":\"2024-12-11T11:27:06+00:00\",\"breadcrumb\":{\"@id\":\"https:\/\/a-net-be-867172.hostingersite.com\/privacybeleid\/#breadcrumb\"},\"inLanguage\":\"de\",\"potentialAction\":[{\"@type\":\"ReadAction\",\"target\":[\"https:\/\/a-net-be-867172.hostingersite.com\/privacybeleid\/\"]}]},{\"@type\":\"BreadcrumbList\",\"@id\":\"https:\/\/a-net-be-867172.hostingersite.com\/privacybeleid\/#breadcrumb\",\"itemListElement\":[{\"@type\":\"ListItem\",\"position\":1,\"name\":\"Home\",\"item\":\"https:\/\/a-net.be\/\"},{\"@type\":\"ListItem\",\"position\":2,\"name\":\"Privacybeleid\"}]},{\"@type\":\"WebSite\",\"@id\":\"https:\/\/a-net-be-867172.hostingersite.com\/#website\",\"url\":\"https:\/\/a-net-be-867172.hostingersite.com\/\",\"name\":\"A-NET\",\"description\":\"\",\"publisher\":{\"@id\":\"https:\/\/a-net-be-867172.hostingersite.com\/#organization\"},\"potentialAction\":[{\"@type\":\"SearchAction\",\"target\":{\"@type\":\"EntryPoint\",\"urlTemplate\":\"https:\/\/a-net-be-867172.hostingersite.com\/?s={search_term_string}\"},\"query-input\":{\"@type\":\"PropertyValueSpecification\",\"valueRequired\":true,\"valueName\":\"search_term_string\"}}],\"inLanguage\":\"de\"},{\"@type\":\"Organization\",\"@id\":\"https:\/\/a-net-be-867172.hostingersite.com\/#organization\",\"name\":\"A-NET\",\"url\":\"https:\/\/a-net-be-867172.hostingersite.com\/\",\"logo\":{\"@type\":\"ImageObject\",\"inLanguage\":\"de\",\"@id\":\"https:\/\/a-net-be-867172.hostingersite.com\/#\/schema\/logo\/image\/\",\"url\":\"https:\/\/a-net.be\/wp-content\/uploads\/2024\/10\/cropped-logo-zwart-new.png\",\"contentUrl\":\"https:\/\/a-net.be\/wp-content\/uploads\/2024\/10\/cropped-logo-zwart-new.png\",\"width\":830,\"height\":268,\"caption\":\"A-NET\"},\"image\":{\"@id\":\"https:\/\/a-net-be-867172.hostingersite.com\/#\/schema\/logo\/image\/\"}}]}<\/script>\n<!-- \/ Yoast SEO Premium plugin. -->","yoast_head_json":{"title":"Privacybeleid - A-NET","robots":{"index":"index","follow":"follow","max-snippet":"max-snippet:-1","max-image-preview":"max-image-preview:large","max-video-preview":"max-video-preview:-1"},"canonical":"https:\/\/a-net-be-867172.hostingersite.com\/privacybeleid\/","og_locale":"de_DE","og_type":"article","og_title":"Privacybeleid","og_description":"Artikel 1: Toepassingsgebied 1.1\u00a0\u00a0\u00a0\u00a0\u00a0\u00a0 Dit privacybeleid (het \u201cPrivacybeleid\u201d) is van toepassing op alle persoonsgegevens die (i) A-NET BV, met vennootschapszetel te Industrieweg 57B, 3583 Beringen en met ondernemingsnummer 0689.769.077, (ii)&hellip;","og_url":"https:\/\/a-net-be-867172.hostingersite.com\/privacybeleid\/","og_site_name":"A-NET","article_modified_time":"2024-12-11T11:27:06+00:00","twitter_card":"summary_large_image","twitter_misc":{"Gesch\u00e4tzte Lesezeit":"7\u00a0Minuten"},"schema":{"@context":"https:\/\/schema.org","@graph":[{"@type":"WebPage","@id":"https:\/\/a-net-be-867172.hostingersite.com\/privacybeleid\/","url":"https:\/\/a-net-be-867172.hostingersite.com\/privacybeleid\/","name":"Privacybeleid - A-NET","isPartOf":{"@id":"https:\/\/a-net-be-867172.hostingersite.com\/#website"},"datePublished":"2021-01-27T08:23:10+00:00","dateModified":"2024-12-11T11:27:06+00:00","breadcrumb":{"@id":"https:\/\/a-net-be-867172.hostingersite.com\/privacybeleid\/#breadcrumb"},"inLanguage":"de","potentialAction":[{"@type":"ReadAction","target":["https:\/\/a-net-be-867172.hostingersite.com\/privacybeleid\/"]}]},{"@type":"BreadcrumbList","@id":"https:\/\/a-net-be-867172.hostingersite.com\/privacybeleid\/#breadcrumb","itemListElement":[{"@type":"ListItem","position":1,"name":"Home","item":"https:\/\/a-net.be\/"},{"@type":"ListItem","position":2,"name":"Privacybeleid"}]},{"@type":"WebSite","@id":"https:\/\/a-net-be-867172.hostingersite.com\/#website","url":"https:\/\/a-net-be-867172.hostingersite.com\/","name":"A-NET","description":"","publisher":{"@id":"https:\/\/a-net-be-867172.hostingersite.com\/#organization"},"potentialAction":[{"@type":"SearchAction","target":{"@type":"EntryPoint","urlTemplate":"https:\/\/a-net-be-867172.hostingersite.com\/?s={search_term_string}"},"query-input":{"@type":"PropertyValueSpecification","valueRequired":true,"valueName":"search_term_string"}}],"inLanguage":"de"},{"@type":"Organization","@id":"https:\/\/a-net-be-867172.hostingersite.com\/#organization","name":"A-NET","url":"https:\/\/a-net-be-867172.hostingersite.com\/","logo":{"@type":"ImageObject","inLanguage":"de","@id":"https:\/\/a-net-be-867172.hostingersite.com\/#\/schema\/logo\/image\/","url":"https:\/\/a-net.be\/wp-content\/uploads\/2024\/10\/cropped-logo-zwart-new.png","contentUrl":"https:\/\/a-net.be\/wp-content\/uploads\/2024\/10\/cropped-logo-zwart-new.png","width":830,"height":268,"caption":"A-NET"},"image":{"@id":"https:\/\/a-net-be-867172.hostingersite.com\/#\/schema\/logo\/image\/"}}]}},"_links":{"self":[{"href":"https:\/\/a-net.be\/de\/wp-json\/wp\/v2\/pages\/43","targetHints":{"allow":["GET"]}}],"collection":[{"href":"https:\/\/a-net.be\/de\/wp-json\/wp\/v2\/pages"}],"about":[{"href":"https:\/\/a-net.be\/de\/wp-json\/wp\/v2\/types\/page"}],"author":[{"embeddable":true,"href":"https:\/\/a-net.be\/de\/wp-json\/wp\/v2\/users\/1"}],"replies":[{"embeddable":true,"href":"https:\/\/a-net.be\/de\/wp-json\/wp\/v2\/comments?post=43"}],"version-history":[{"count":12,"href":"https:\/\/a-net.be\/de\/wp-json\/wp\/v2\/pages\/43\/revisions"}],"predecessor-version":[{"id":1873,"href":"https:\/\/a-net.be\/de\/wp-json\/wp\/v2\/pages\/43\/revisions\/1873"}],"wp:attachment":[{"href":"https:\/\/a-net.be\/de\/wp-json\/wp\/v2\/media?parent=43"}],"curies":[{"name":"wp","href":"https:\/\/api.w.org\/{rel}","templated":true}]}}