{"id":371,"date":"2024-10-11T09:05:13","date_gmt":"2024-10-11T09:05:13","guid":{"rendered":"https:\/\/minima-dev.be\/?page_id=371"},"modified":"2024-10-27T17:58:52","modified_gmt":"2024-10-27T17:58:52","slug":"cookiebeleid","status":"publish","type":"page","link":"https:\/\/a-net.be\/fr\/cookiebeleid\/","title":{"rendered":"Politique en mati\u00e8re de cookies"},"content":{"rendered":"<div data-elementor-type=\"wp-page\" data-elementor-id=\"371\" class=\"elementor elementor-371\" data-elementor-post-type=\"page\">\n\t\t\t\t\t\t<section class=\"elementor-section elementor-top-section elementor-element elementor-element-a2ec18c elementor-section-boxed elementor-section-height-default elementor-section-height-default sc_fly_static\" data-id=\"a2ec18c\" data-element_type=\"section\" data-e-type=\"section\" data-settings=\"{&quot;background_background&quot;:&quot;classic&quot;}\">\n\t\t\t\t\t\t<div class=\"elementor-container elementor-column-gap-extended\">\n\t\t\t\t\t<div class=\"elementor-column elementor-col-100 elementor-top-column elementor-element elementor-element-e4f67bc sc_content_align_inherit sc_layouts_column_icons_position_left sc_fly_static\" data-id=\"e4f67bc\" data-element_type=\"column\" data-e-type=\"column\">\n\t\t\t<div class=\"elementor-widget-wrap elementor-element-populated\">\n\t\t\t\t\t\t<div class=\"elementor-element elementor-element-fc87c00 sc_fly_static elementor-widget elementor-widget-text-editor\" data-id=\"fc87c00\" data-element_type=\"widget\" data-e-type=\"widget\" data-widget_type=\"text-editor.default\">\n\t\t\t\t<div class=\"elementor-widget-container\">\n\t\t\t\t\t\t\t\t\t<h2>\u00c0 propos de cette politique en mati\u00e8re de cookies<\/h2><p style=\"margin: 0px 0px 1.5em; color: #5f6973; font-family: 'Source Sans Pro', sans-serif; font-size: 17px; font-style: normal; font-weight: 400; letter-spacing: normal;\">(i) A-NET BV, dont le si\u00e8ge social est situ\u00e9 Buntjesstraat 41, 3583 Beringen et dont le num\u00e9ro d'entreprise est 0689.769.077, (ii) ELECTROBUILD BV, dont le si\u00e8ge social est situ\u00e9 Hermesstraat 4\/A, 1930 Zaventem et dont le num\u00e9ro d'entreprise est 0456.240.884, (iii) A-NET HOLDING COMMV, dont le si\u00e8ge social est situ\u00e9 Industrieweg 57B, 3583 Beringen et dont le num\u00e9ro d'entreprise est 0792.499.304, (iv) A-NET IMMO BV, dont le si\u00e8ge social est situ\u00e9 Buntjesstraat 41, 3583 Beringen et dont le num\u00e9ro d'entreprise est 0462.884.592 et (v) M.H.S. BV, dont le si\u00e8ge social est situ\u00e9 Buntjesstraat 41, 3583 Beringen et dont le num\u00e9ro d'entreprise est 0819.891.510 (ci-apr\u00e8s d\u00e9nomm\u00e9s collectivement \"A-NET HOLDING COMMV\").<span style=\"font-weight: bold;\">A-Net<\/span>\"), utilisent des cookies pour am\u00e9liorer l'exp\u00e9rience de navigation sur le site\u00a0<a style=\"transition-property: all; font-family: 'Source Sans Pro', sans-serif; color: #145cac !important;\" href=\"https:\/\/a-net.be\/fr\/\">https:\/\/a-net.be\/<\/a>\u00a0(ci-apr\u00e8s le \"<span style=\"font-weight: bold;\">Site web<\/span>\") afin de l'am\u00e9liorer. Ces cookies permettent d'activer certaines fonctions du site web ou de mesurer la fa\u00e7on dont les visiteurs utilisent le site web.<\/p><p style=\"margin: 0px 0px 1.5em; color: #5f6973; font-family: 'Source Sans Pro', sans-serif; font-size: 17px; font-style: normal; font-weight: 400; letter-spacing: normal;\">La pr\u00e9sente politique en mati\u00e8re de cookies (ci-apr\u00e8s d\u00e9nomm\u00e9e \" politique en mati\u00e8re de cookies \") a pour but de faciliter l'acc\u00e8s \u00e0 l'information.<span style=\"font-weight: bold;\">Politique en mati\u00e8re de cookies<\/span>), A-Net vous souhaite, en tant que visiteur du site web (ci-apr\u00e8s le \"site web\"), la bienvenue sur le site web d'A-Net.<span style=\"font-weight: bold;\">Visiteur<\/span>\"), pour \u00eatre inform\u00e9 des cookies qu'A-Net utilise et de la mani\u00e8re dont A-Net le fait.<\/p><p style=\"margin: 0px 0px 1.5em; color: #5f6973; font-family: 'Source Sans Pro', sans-serif; font-size: 17px; font-style: normal; font-weight: 400; letter-spacing: normal;\">La pr\u00e9sente politique en mati\u00e8re de cookies ne s'applique pas aux sites web de tiers li\u00e9s au site web. Le visiteur doit consulter la politique de ce tiers en mati\u00e8re de cookies \u00e0 cette fin.<\/p><p style=\"margin: 0px 0px 1.5em; color: #5f6973; font-family: 'Source Sans Pro', sans-serif; font-size: 17px; font-style: normal; font-weight: 400; letter-spacing: normal;\">A-Net a le droit de mettre \u00e0 jour la pr\u00e9sente politique en mati\u00e8re de cookies en publiant une nouvelle version sur le site Web. Il s'agira de la version la plus r\u00e9cente, mais si la politique en mati\u00e8re de cookies change, le visiteur sera invit\u00e9 \u00e0 choisir \u00e0 nouveau un cookie.<\/p><h2><strong>Qu'est-ce qu'un biscuit ?<\/strong><\/h2><p style=\"margin: 0px 0px 1.5em; color: #5f6973; font-family: 'Source Sans Pro', sans-serif; font-size: 17px; font-style: normal; font-weight: 400; letter-spacing: normal;\">Un cookie est un petit fichier contenant des donn\u00e9es qui est plac\u00e9 par le serveur du site web dans le navigateur de l'appareil mobile ou de l'ordinateur du visiteur lorsque ce dernier consulte le site web. Un cookie peut m\u00e9moriser des param\u00e8tres et garder trace d'autres informations. Lors d'une visite ult\u00e9rieure, les informations qui y sont stock\u00e9es peuvent \u00eatre renvoy\u00e9es aux serveurs du site web ou \u00e0 ceux des tiers concern\u00e9s.<\/p><p style=\"margin: 0px 0px 1.5em; color: #5f6973; font-family: 'Source Sans Pro', sans-serif; font-size: 17px; font-style: normal; font-weight: 400; letter-spacing: normal;\">Les cookies rendent g\u00e9n\u00e9ralement l'interaction entre le site web et le visiteur plus rapide et plus facile et aident le visiteur \u00e0 naviguer entre les diff\u00e9rentes parties du site web. Les cookies peuvent \u00e9galement \u00eatre utilis\u00e9s pour rendre le contenu du site web plus pertinent pour le visiteur et l'adapter \u00e0 ses go\u00fbts et besoins personnels.<\/p><h2>Quels sont les types de cookies existants ?<\/h2><h3 style=\"font-family: Montserrat, sans-serif; line-height: 1.25em; margin: 1em 0px 0.5em; letter-spacing: normal; color: #000000 !important; font-size: 1.5em !important;\">Cookies essentiels sur le plan technique et cookies fonctionnels<\/h3><p style=\"margin: 0px 0px 1.5em; color: #5f6973; font-family: 'Source Sans Pro', sans-serif; font-size: 17px; font-style: normal; font-weight: 400; letter-spacing: normal;\">Ces cookies sont strictement n\u00e9cessaires au bon fonctionnement et \u00e0 l'utilisation du site web. Comme ils sont techniquement n\u00e9cessaires, ils ne sont soumis qu'\u00e0 une obligation d'information et sont plac\u00e9s d\u00e8s que le visiteur entre sur le site web.<\/p><p style=\"margin: 0px 0px 1.5em; color: #5f6973; font-family: 'Source Sans Pro', sans-serif; font-size: 17px; font-style: normal; font-weight: 400; letter-spacing: normal;\">Les cookies fonctionnels am\u00e9liorent la fonctionnalit\u00e9 du site web en enregistrant les pr\u00e9f\u00e9rences des visiteurs.\u00a0<\/p><p style=\"margin: 0px 0px 1.5em; color: #5f6973; font-family: 'Source Sans Pro', sans-serif; font-size: 17px; font-style: normal; font-weight: 400; letter-spacing: normal;\">En pla\u00e7ant des cookies fonctionnels, A-Net veille \u00e0 ce que le visiteur puisse visiter le site Web plus facilement. Ainsi, par exemple, le visiteur ne doit pas introduire les m\u00eames informations \u00e0 plusieurs reprises lorsqu'il visite le site web. Ces cookies sont n\u00e9cessaires au bon fonctionnement du site web. Le visiteur ne peut pas les refuser s'il veut surfer sur le site web, mais ils ne sont plac\u00e9s qu'apr\u00e8s un choix concernant le placement de cookies.<\/p><h3 style=\"font-family: Montserrat, sans-serif; line-height: 1.25em; margin: 1em 0px 0.5em; letter-spacing: normal; color: #000000 !important; font-size: 1.5em !important;\">Cookies de performance<\/h3><p style=\"margin: 0px 0px 1.5em; color: #5f6973; font-family: 'Source Sans Pro', sans-serif; font-size: 17px; font-style: normal; font-weight: 400; letter-spacing: normal;\">Ces cookies collectent des informations qui permettent d'\u00e9valuer et d'am\u00e9liorer le contenu et la pr\u00e9sentation du site web. A-Net peut \u00e9galement les utiliser \u00e0 des fins commerciales. A-Net utilise des cookies de performance pour optimiser l'exp\u00e9rience du visiteur. Les cookies de performance permettent \u00e0 A-Net de mieux comprendre l'utilisation du site web. A-Net demande au visiteur la permission de placer des cookies de performance.<\/p><h3 style=\"font-family: Montserrat, sans-serif; line-height: 1.25em; margin: 1em 0px 0.5em; letter-spacing: normal; color: #000000 !important; font-size: 1.5em !important;\">Cookies publicitaires<\/h3><p style=\"margin: 0px 0px 1.5em; color: #5f6973; font-family: 'Source Sans Pro', sans-serif; font-size: 17px; font-style: normal; font-weight: 400; letter-spacing: normal;\">Les cookies publicitaires sont des cookies qu'A-Net ou ses annonceurs placent sur l'appareil du visiteur avec le consentement de ce dernier afin de suivre son comportement de navigation en ligne au fil du temps et de lui proposer des offres et des recommandations pertinentes adapt\u00e9es \u00e0 ses pr\u00e9f\u00e9rences personnelles.<\/p><h3 style=\"font-family: Montserrat, sans-serif; line-height: 1.25em; margin: 1em 0px 0.5em; letter-spacing: normal; color: #000000 !important; font-size: 1.5em !important;\">Cookies pour les m\u00e9dias sociaux<\/h3><p style=\"margin: 0px 0px 1.5em; color: #5f6973; font-family: 'Source Sans Pro', sans-serif; font-size: 17px; font-style: normal; font-weight: 400; letter-spacing: normal;\">Les cookies de m\u00e9dias sociaux sont utilis\u00e9s pour int\u00e9grer et interagir avec les sites de r\u00e9seaux sociaux sur le site web. Le site web peut contenir des plug-ins de m\u00e9dias sociaux provenant, par exemple, de Facebook ou de WhatsApp. Lorsque le visiteur clique sur le bouton des m\u00e9dias sociaux et qu'il en donne l'autorisation, le r\u00e9seau de m\u00e9dias sociaux place des cookies sur l'appareil du visiteur. Gr\u00e2ce \u00e0 ces cookies, le r\u00e9seau peut voir ce que le visiteur fait sur Internet et utiliser ces donn\u00e9es \u00e0 ses propres fins.<\/p><h2>Quels sont les cookies utilis\u00e9s par A-Net ?<\/h2><p style=\"margin: 0px 0px 1.5em; color: #5f6973; font-family: 'Source Sans Pro', sans-serif; font-size: 17px; font-style: normal; font-weight: 400; letter-spacing: normal;\">A-Net utilise les cookies suivants :<\/p><p>\u00a0<\/p><p style=\"margin: 0px 0px 1.5em; color: #5f6973; font-family: 'Source Sans Pro', sans-serif; font-size: 17px; font-style: normal; font-weight: 400; letter-spacing: normal;\"><strong><span style=\"color: #5f6973; font-family: Source Sans Pro, sans-serif;\"><span style=\"white-space: normal;\"><i>trx_addons_is_retina :<\/i><\/span><\/span><\/strong><\/p><ul><li><span style=\"color: #5f6973; font-family: Source Sans Pro, sans-serif;\"><span style=\"white-space: normal;\"><i>Domein: a-net.be<\/i><\/span><\/span><\/li><li><span style=\"color: #5f6973; font-family: Source Sans Pro, sans-serif;\"><span style=\"white-space: normal;\"><i>Objectif : Ce cookie nous aide \u00e0 d\u00e9terminer si vous utilisez un \u00e9cran r\u00e9tina afin que nous puissions afficher le contenu visuel de mani\u00e8re optimale pour votre \u00e9cran.<\/i><\/span><\/span><\/li><li><span style=\"color: #5f6973; font-family: Source Sans Pro, sans-serif;\"><span style=\"white-space: normal;\"><i>Dur\u00e9e : Session (supprim\u00e9e lorsque vous fermez votre navigateur)<\/i><\/span><\/span><\/li><li><i style=\"font-family: 'Source Sans Pro', sans-serif;\">Type : Fonctionnel<\/i><\/li><\/ul><p style=\"margin: 0px 0px 1.5em;\"><strong><span style=\"color: #5f6973; font-family: Source Sans Pro, sans-serif;\"><span style=\"white-space: normal;\"><i>Elementor<\/i><\/span><\/span><\/strong><\/p><ul><li><span style=\"color: #5f6973; font-family: Source Sans Pro, sans-serif;\"><span style=\"white-space: normal;\"><i>Domein: a-net.be<\/i><\/span><\/span><\/li><li><span style=\"color: #5f6973; font-family: Source Sans Pro, sans-serif;\"><span style=\"white-space: normal;\"><i>Objectif : Ce cookie est utilis\u00e9 par notre th\u00e8me WordPress et nous permet de voir le contenu de la page d'accueil. <\/i><\/span><\/span><span style=\"color: #5f6973; font-family: Source Sans Pro, sans-serif;\"><span style=\"white-space: normal;\"><i>mettre \u00e0 jour le contenu du site web en temps r\u00e9el, afin que vous disposiez toujours des informations les plus r\u00e9centes.<\/i><\/span><\/span><\/li><li><span style=\"color: #5f6973; font-family: Source Sans Pro, sans-serif;\"><span style=\"white-space: normal;\"><i>Dur\u00e9e : Permanente (n'expire pas)<\/i><\/span><\/span><\/li><li><span style=\"color: #5f6973; font-family: Source Sans Pro, sans-serif;\"><span style=\"white-space: normal;\"><i>Type : N\u00e9cessaire<\/i><\/span><\/span><\/li><\/ul><p><strong><span style=\"color: #5f6973; font-family: Source Sans Pro, sans-serif;\"><span style=\"white-space: normal;\"><i>wpEmojiSettingsSupports<\/i><\/span><\/span><\/strong><\/p><ul><li><span style=\"color: #5f6973; font-family: Source Sans Pro, sans-serif;\"><span style=\"white-space: normal;\"><i>Domein: a-net.be<\/i><\/span><\/span><\/li><li><span style=\"color: #5f6973; font-family: Source Sans Pro, sans-serif;\"><span style=\"white-space: normal;\"><i>Objectif : est d\u00e9fini par WordPress lors de l'utilisation d'emojis afin que votre navigateur puisse les afficher correctement.<\/i><\/span><\/span><\/li><li><span style=\"color: #5f6973; font-family: Source Sans Pro, sans-serif;\"><span style=\"white-space: normal;\"><i>Dur\u00e9e : Session (supprim\u00e9e lorsque vous fermez votre navigateur)<\/i><\/span><\/span><\/li><li><span style=\"color: #5f6973; font-family: Source Sans Pro, sans-serif;\"><span style=\"white-space: normal;\"><i>Type : N\u00e9cessaire<\/i><\/span><\/span><\/li><\/ul><p style=\"margin: 0px 0px 1.5em;\"><span style=\"color: #5f6973; font-family: Source Sans Pro, sans-serif;\"><i>\u00a0<\/i><\/span><\/p><p style=\"margin: 0px 0px 1.5em;\"><span style=\"background-color: var(--theme-color-bg_color);\"><span style=\"color: #5f6973; font-family: Source Sans Pro, sans-serif;\"><i>Ces cookies sont minimes et servent \u00e0 am\u00e9liorer votre exp\u00e9rience sur notre site web, en garantissant \u00e0 la fois sa fonctionnalit\u00e9 et la mise \u00e0 jour de son contenu.<\/i><\/span><\/span><\/p><p>\u00a0<\/p><p style=\"margin: 0px 0px 1.5em;\"><span style=\"color: var(--theme-color-text_dark); font-family: 'DM Sans', sans-serif; font-size: 2.059rem; font-style: normal; font-weight: bold; letter-spacing: -1px; background-color: var(--theme-color-bg_color);\">Vie priv\u00e9e concernant les cookies<\/span><\/p><p style=\"margin: 0px 0px 1.5em; color: #5f6973; font-family: 'Source Sans Pro', sans-serif; font-size: 17px; font-style: normal; font-weight: 400; letter-spacing: normal;\">La politique de confidentialit\u00e9 d'A-Net s'applique \u00e9galement au traitement des donn\u00e9es personnelles qui peuvent \u00eatre collect\u00e9es par le biais des cookies affich\u00e9s. \u00c0 cette fin, le visiteur peut se rendre \u00e0 l'adresse suivante\u00a0<a style=\"transition-property: all; font-family: 'Source Sans Pro', sans-serif; color: #145cac !important;\" href=\"https:\/\/a-net.be\/fr\/privacybeleid\/\">https:\/\/a-net.be\/privacybeleid\/<\/a>\u00a0.<\/p><h3>Autorisation<\/h3><p style=\"margin: 0px 0px 1.5em; color: #5f6973; font-family: 'Source Sans Pro', sans-serif; font-size: 17px; font-style: normal; font-weight: 400; letter-spacing: normal;\">Lorsque le visiteur visite le site Web pour la premi\u00e8re fois, une fen\u00eatre contextuelle s'affiche pour expliquer les cookies. Lorsque le visiteur clique sur \"Enregistrer les pr\u00e9f\u00e9rences\", il autorise A-Net \u00e0 utiliser les cat\u00e9gories de cookies et de plug-ins qu'il a s\u00e9lectionn\u00e9es dans la fen\u00eatre contextuelle et qui sont d\u00e9crites dans la politique relative aux cookies. Le visiteur peut d\u00e9sactiver la configuration des cookies via son navigateur. Le visiteur doit alors noter que le site web peut alors ne plus fonctionner de mani\u00e8re optimale.<\/p><h3>Gestion et d\u00e9sactivation des cookies<\/h3><p style=\"margin: 0px 0px 1.5em; color: #5f6973; font-family: 'Source Sans Pro', sans-serif; font-size: 17px; font-style: normal; font-weight: 400; letter-spacing: normal;\">Le visiteur peut supprimer les cookies automatiquement ou manuellement via son navigateur Internet. Il peut \u00e9galement indiquer que certains cookies ne doivent pas \u00eatre plac\u00e9s. Le visiteur peut \u00e9galement configurer son navigateur Internet de mani\u00e8re \u00e0 ce qu'il l'avertisse lorsqu'un cookie est plac\u00e9.<\/p><p style=\"margin: 0px 0px 1.5em; color: #5f6973; font-family: 'Source Sans Pro', sans-serif; font-size: 17px; font-style: normal; font-weight: 400; letter-spacing: normal;\">Le site web peut ne pas fonctionner de mani\u00e8re optimale si tous les cookies sont d\u00e9sactiv\u00e9s. Si le visiteur supprime les cookies dans son navigateur, ils seront \u00e0 nouveau plac\u00e9s lors d'une nouvelle visite sur le site web apr\u00e8s autorisation.<\/p><h2>Coordonn\u00e9es de la personne \u00e0 contacter<\/h2><p style=\"margin: 0px 0px 1.5em; color: #5f6973; font-family: 'Source Sans Pro', sans-serif; font-size: 17px; font-style: normal; font-weight: 400; letter-spacing: normal;\">Pour toute question et\/ou commentaire concernant la politique en mati\u00e8re de cookies, veuillez contacter A-Net aux coordonn\u00e9es suivantes :<\/p><ul style=\"margin-top: 0px; margin-bottom: 10px; color: #5f6973; font-family: 'Source Sans Pro', sans-serif; font-size: 17px; font-style: normal; font-weight: 400; letter-spacing: normal;\"><li>Adresse : Buntjesstraat 41 , 3583 Beringen, Belgique<\/li><li>E-mail :\u00a0<a style=\"transition-property: all; font-family: 'Source Sans Pro', sans-serif; color: #145cac !important;\" href=\"mailto:privacy@a-net.be\">privacy@a-net.be<\/a><\/li><\/ul>\t\t\t\t\t\t\t\t<\/div>\n\t\t\t\t<\/div>\n\t\t\t\t\t<\/div>\n\t\t<\/div>\n\t\t\t\t\t<\/div>\n\t\t<\/section>\n\t\t\t\t<section class=\"elementor-section elementor-top-section elementor-element elementor-element-1ce0fbce elementor-section-boxed elementor-section-height-default elementor-section-height-default sc_fly_static\" data-id=\"1ce0fbce\" data-element_type=\"section\" data-e-type=\"section\">\n\t\t\t\t\t\t<div class=\"elementor-container elementor-column-gap-extended\">\n\t\t\t\t\t<div class=\"elementor-column elementor-col-100 elementor-top-column elementor-element elementor-element-71737124 sc_content_align_inherit sc_layouts_column_icons_position_left sc_fly_static\" data-id=\"71737124\" data-element_type=\"column\" data-e-type=\"column\">\n\t\t\t<div class=\"elementor-widget-wrap elementor-element-populated\">\n\t\t\t\t\t\t<div class=\"elementor-element elementor-element-653057c1 sc_fly_static elementor-widget elementor-widget-spacer\" data-id=\"653057c1\" data-element_type=\"widget\" data-e-type=\"widget\" data-widget_type=\"spacer.default\">\n\t\t\t\t<div class=\"elementor-widget-container\">\n\t\t\t\t\t\t\t<div class=\"elementor-spacer\">\n\t\t\t<div class=\"elementor-spacer-inner\"><\/div>\n\t\t<\/div>\n\t\t\t\t\t\t<\/div>\n\t\t\t\t<\/div>\n\t\t\t\t\t<\/div>\n\t\t<\/div>\n\t\t\t\t\t<\/div>\n\t\t<\/section>\n\t\t\t\t<\/div>","protected":false},"excerpt":{"rendered":"<p>A propos de cette politique en mati\u00e8re de cookies (i) A-NET BV, dont le si\u00e8ge social est situ\u00e9 Buntjesstraat 41, 3583 Beringen et dont le num\u00e9ro d'entreprise est 0689.769.077, (ii) ELECTROBUILD BV, dont le si\u00e8ge social est situ\u00e9 Hermesstraat 4\/A, 1930 Zaventem et dont le num\u00e9ro d'entreprise est 0456.240.884, (iii) A-NET BV, dont le si\u00e8ge social est situ\u00e9 Buntjesstraat 41, 3583 Beringen et dont le num\u00e9ro d'entreprise est 0689.769.077....<\/p>","protected":false},"author":1,"featured_media":0,"parent":0,"menu_order":9999999,"comment_status":"closed","ping_status":"closed","template":"","meta":{"footnotes":""},"class_list":["post-371","page","type-page","status-publish","hentry"],"yoast_head":"<!-- This site is optimized with the Yoast SEO Premium plugin v21.7 (Yoast SEO v26.9) - https:\/\/yoast.com\/product\/yoast-seo-premium-wordpress\/ -->\n<title>Cookiebeleid - A-NET<\/title>\n<meta name=\"robots\" content=\"index, follow, max-snippet:-1, max-image-preview:large, max-video-preview:-1\" \/>\n<link rel=\"canonical\" href=\"https:\/\/a-net-be-867172.hostingersite.com\/cookiebeleid\/\" \/>\n<meta property=\"og:locale\" content=\"fr_FR\" \/>\n<meta property=\"og:type\" content=\"article\" \/>\n<meta property=\"og:title\" content=\"Cookiebeleid\" \/>\n<meta property=\"og:description\" content=\"Over dit cookiebeleid (i) A-NET BV, met vennootschapszetel te\u00a0Buntjesstraat 41, 3583 Beringen en met ondernemingsnummer 0689.769.077, (ii) ELECTROBUILD BV, met vennootschapszetel te Hermesstraat 4\/A, 1930 Zaventem en met ondernemingsnummer 0456.240.884,&hellip;\" \/>\n<meta property=\"og:url\" content=\"https:\/\/a-net-be-867172.hostingersite.com\/cookiebeleid\/\" \/>\n<meta property=\"og:site_name\" content=\"A-NET\" \/>\n<meta property=\"article:modified_time\" content=\"2024-10-27T17:58:52+00:00\" \/>\n<meta name=\"twitter:card\" content=\"summary_large_image\" \/>\n<meta name=\"twitter:label1\" content=\"Dur\u00e9e de lecture estim\u00e9e\" \/>\n\t<meta name=\"twitter:data1\" content=\"5 minutes\" \/>\n<script type=\"application\/ld+json\" class=\"yoast-schema-graph\">{\"@context\":\"https:\/\/schema.org\",\"@graph\":[{\"@type\":\"WebPage\",\"@id\":\"https:\/\/a-net-be-867172.hostingersite.com\/cookiebeleid\/\",\"url\":\"https:\/\/a-net-be-867172.hostingersite.com\/cookiebeleid\/\",\"name\":\"Cookiebeleid - A-NET\",\"isPartOf\":{\"@id\":\"https:\/\/a-net-be-867172.hostingersite.com\/#website\"},\"datePublished\":\"2024-10-11T09:05:13+00:00\",\"dateModified\":\"2024-10-27T17:58:52+00:00\",\"breadcrumb\":{\"@id\":\"https:\/\/a-net-be-867172.hostingersite.com\/cookiebeleid\/#breadcrumb\"},\"inLanguage\":\"fr-FR\",\"potentialAction\":[{\"@type\":\"ReadAction\",\"target\":[\"https:\/\/a-net-be-867172.hostingersite.com\/cookiebeleid\/\"]}]},{\"@type\":\"BreadcrumbList\",\"@id\":\"https:\/\/a-net-be-867172.hostingersite.com\/cookiebeleid\/#breadcrumb\",\"itemListElement\":[{\"@type\":\"ListItem\",\"position\":1,\"name\":\"Home\",\"item\":\"https:\/\/a-net.be\/\"},{\"@type\":\"ListItem\",\"position\":2,\"name\":\"Cookiebeleid\"}]},{\"@type\":\"WebSite\",\"@id\":\"https:\/\/a-net-be-867172.hostingersite.com\/#website\",\"url\":\"https:\/\/a-net-be-867172.hostingersite.com\/\",\"name\":\"A-NET\",\"description\":\"\",\"publisher\":{\"@id\":\"https:\/\/a-net-be-867172.hostingersite.com\/#organization\"},\"potentialAction\":[{\"@type\":\"SearchAction\",\"target\":{\"@type\":\"EntryPoint\",\"urlTemplate\":\"https:\/\/a-net-be-867172.hostingersite.com\/?s={search_term_string}\"},\"query-input\":{\"@type\":\"PropertyValueSpecification\",\"valueRequired\":true,\"valueName\":\"search_term_string\"}}],\"inLanguage\":\"fr-FR\"},{\"@type\":\"Organization\",\"@id\":\"https:\/\/a-net-be-867172.hostingersite.com\/#organization\",\"name\":\"A-NET\",\"url\":\"https:\/\/a-net-be-867172.hostingersite.com\/\",\"logo\":{\"@type\":\"ImageObject\",\"inLanguage\":\"fr-FR\",\"@id\":\"https:\/\/a-net-be-867172.hostingersite.com\/#\/schema\/logo\/image\/\",\"url\":\"https:\/\/a-net.be\/wp-content\/uploads\/2024\/10\/cropped-logo-zwart-new.png\",\"contentUrl\":\"https:\/\/a-net.be\/wp-content\/uploads\/2024\/10\/cropped-logo-zwart-new.png\",\"width\":830,\"height\":268,\"caption\":\"A-NET\"},\"image\":{\"@id\":\"https:\/\/a-net-be-867172.hostingersite.com\/#\/schema\/logo\/image\/\"}}]}<\/script>\n<!-- \/ Yoast SEO Premium plugin. -->","yoast_head_json":{"title":"Cookiebeleid - A-NET","robots":{"index":"index","follow":"follow","max-snippet":"max-snippet:-1","max-image-preview":"max-image-preview:large","max-video-preview":"max-video-preview:-1"},"canonical":"https:\/\/a-net-be-867172.hostingersite.com\/cookiebeleid\/","og_locale":"fr_FR","og_type":"article","og_title":"Cookiebeleid","og_description":"Over dit cookiebeleid (i) A-NET BV, met vennootschapszetel te\u00a0Buntjesstraat 41, 3583 Beringen en met ondernemingsnummer 0689.769.077, (ii) ELECTROBUILD BV, met vennootschapszetel te Hermesstraat 4\/A, 1930 Zaventem en met ondernemingsnummer 0456.240.884,&hellip;","og_url":"https:\/\/a-net-be-867172.hostingersite.com\/cookiebeleid\/","og_site_name":"A-NET","article_modified_time":"2024-10-27T17:58:52+00:00","twitter_card":"summary_large_image","twitter_misc":{"Dur\u00e9e de lecture estim\u00e9e":"5 minutes"},"schema":{"@context":"https:\/\/schema.org","@graph":[{"@type":"WebPage","@id":"https:\/\/a-net-be-867172.hostingersite.com\/cookiebeleid\/","url":"https:\/\/a-net-be-867172.hostingersite.com\/cookiebeleid\/","name":"Cookiebeleid - A-NET","isPartOf":{"@id":"https:\/\/a-net-be-867172.hostingersite.com\/#website"},"datePublished":"2024-10-11T09:05:13+00:00","dateModified":"2024-10-27T17:58:52+00:00","breadcrumb":{"@id":"https:\/\/a-net-be-867172.hostingersite.com\/cookiebeleid\/#breadcrumb"},"inLanguage":"fr-FR","potentialAction":[{"@type":"ReadAction","target":["https:\/\/a-net-be-867172.hostingersite.com\/cookiebeleid\/"]}]},{"@type":"BreadcrumbList","@id":"https:\/\/a-net-be-867172.hostingersite.com\/cookiebeleid\/#breadcrumb","itemListElement":[{"@type":"ListItem","position":1,"name":"Home","item":"https:\/\/a-net.be\/"},{"@type":"ListItem","position":2,"name":"Cookiebeleid"}]},{"@type":"WebSite","@id":"https:\/\/a-net-be-867172.hostingersite.com\/#website","url":"https:\/\/a-net-be-867172.hostingersite.com\/","name":"A-NET","description":"","publisher":{"@id":"https:\/\/a-net-be-867172.hostingersite.com\/#organization"},"potentialAction":[{"@type":"SearchAction","target":{"@type":"EntryPoint","urlTemplate":"https:\/\/a-net-be-867172.hostingersite.com\/?s={search_term_string}"},"query-input":{"@type":"PropertyValueSpecification","valueRequired":true,"valueName":"search_term_string"}}],"inLanguage":"fr-FR"},{"@type":"Organization","@id":"https:\/\/a-net-be-867172.hostingersite.com\/#organization","name":"A-NET","url":"https:\/\/a-net-be-867172.hostingersite.com\/","logo":{"@type":"ImageObject","inLanguage":"fr-FR","@id":"https:\/\/a-net-be-867172.hostingersite.com\/#\/schema\/logo\/image\/","url":"https:\/\/a-net.be\/wp-content\/uploads\/2024\/10\/cropped-logo-zwart-new.png","contentUrl":"https:\/\/a-net.be\/wp-content\/uploads\/2024\/10\/cropped-logo-zwart-new.png","width":830,"height":268,"caption":"A-NET"},"image":{"@id":"https:\/\/a-net-be-867172.hostingersite.com\/#\/schema\/logo\/image\/"}}]}},"_links":{"self":[{"href":"https:\/\/a-net.be\/fr\/wp-json\/wp\/v2\/pages\/371","targetHints":{"allow":["GET"]}}],"collection":[{"href":"https:\/\/a-net.be\/fr\/wp-json\/wp\/v2\/pages"}],"about":[{"href":"https:\/\/a-net.be\/fr\/wp-json\/wp\/v2\/types\/page"}],"author":[{"embeddable":true,"href":"https:\/\/a-net.be\/fr\/wp-json\/wp\/v2\/users\/1"}],"replies":[{"embeddable":true,"href":"https:\/\/a-net.be\/fr\/wp-json\/wp\/v2\/comments?post=371"}],"version-history":[{"count":21,"href":"https:\/\/a-net.be\/fr\/wp-json\/wp\/v2\/pages\/371\/revisions"}],"predecessor-version":[{"id":1478,"href":"https:\/\/a-net.be\/fr\/wp-json\/wp\/v2\/pages\/371\/revisions\/1478"}],"wp:attachment":[{"href":"https:\/\/a-net.be\/fr\/wp-json\/wp\/v2\/media?parent=371"}],"curies":[{"name":"wp","href":"https:\/\/api.w.org\/{rel}","templated":true}]}}