{"id":43,"date":"2021-01-27T08:23:10","date_gmt":"2021-01-27T08:23:10","guid":{"rendered":"https:\/\/minima-dev.be\/privacy-policy\/"},"modified":"2024-12-11T11:27:06","modified_gmt":"2024-12-11T11:27:06","slug":"privacybeleid","status":"publish","type":"page","link":"https:\/\/a-net.be\/fr\/privacybeleid\/","title":{"rendered":"Politique de confidentialit\u00e9"},"content":{"rendered":"<div data-elementor-type=\"wp-page\" data-elementor-id=\"43\" class=\"elementor elementor-43\" data-elementor-post-type=\"page\">\n\t\t\t\t\t\t<section class=\"elementor-section elementor-top-section elementor-element elementor-element-a2ec18c elementor-section-boxed elementor-section-height-default elementor-section-height-default sc_fly_static\" data-id=\"a2ec18c\" data-element_type=\"section\" data-e-type=\"section\" data-settings=\"{&quot;background_background&quot;:&quot;classic&quot;}\">\n\t\t\t\t\t\t<div class=\"elementor-container elementor-column-gap-extended\">\n\t\t\t\t\t<div class=\"elementor-column elementor-col-100 elementor-top-column elementor-element elementor-element-e4f67bc sc_content_align_inherit sc_layouts_column_icons_position_left sc_fly_static\" data-id=\"e4f67bc\" data-element_type=\"column\" data-e-type=\"column\">\n\t\t\t<div class=\"elementor-widget-wrap elementor-element-populated\">\n\t\t\t\t\t\t<div class=\"elementor-element elementor-element-fc87c00 sc_fly_static elementor-widget elementor-widget-text-editor\" data-id=\"fc87c00\" data-element_type=\"widget\" data-e-type=\"widget\" data-widget_type=\"text-editor.default\">\n\t\t\t\t<div class=\"elementor-widget-container\">\n\t\t\t\t\t\t\t\t\t<h2 class=\"wp-block-heading\"><strong>Article 1 : Champ d'application<\/strong><\/h2><p>1.1 La pr\u00e9sente politique de protection de la vie priv\u00e9e (la \"<strong>Politique de confidentialit\u00e9<\/strong>\") s'applique \u00e0 toutes les donn\u00e9es personnelles d\u00e9tenues par (i) A-NET BV, dont le si\u00e8ge social est situ\u00e9 Industrieweg 57B, 3583 Beringen et dont le num\u00e9ro d'entreprise est 0689.769.077, (ii) ELECTROBUILD BV, dont le si\u00e8ge social est situ\u00e9 Hermesstraat 4\/A, 1930 Zaventem et dont le num\u00e9ro d'entreprise est 0456.240.884, (iii) A-NET HOLDING COMMV, dont le si\u00e8ge social est situ\u00e9 Industrieweg 57B, 3583 Beringen et dont le num\u00e9ro d'entreprise est 0792.499.304, (iv) A-NET IMMO BV, dont le si\u00e8ge social est situ\u00e9 Buntjesstraat 41, 3583 Beringen et dont le num\u00e9ro d'entreprise est 0462.884.592 et (v) M.H.S. BV, dont le si\u00e8ge social est situ\u00e9 Buntjesstraat 41, 3583 Beringen et dont le num\u00e9ro d'entreprise est 0819.891.510 (ci-apr\u00e8s d\u00e9nomm\u00e9s ensemble \"M.H.S. BV\").<strong>nous<\/strong>\", \"<strong>nous<\/strong>\" ou \"<strong>A-Net<\/strong>\") trait\u00e9.<\/p><p>1.2 Pour qu'A-Net puisse fournir un service de qualit\u00e9, nous travaillons entre autres avec des donn\u00e9es personnelles. Par le biais de la pr\u00e9sente politique de confidentialit\u00e9, nous souhaitons vous fournir de plus amples explications sur la mani\u00e8re dont nous traitons les donn\u00e9es personnelles que nous d\u00e9tenons.<\/p><p>1.3 En utilisant notre site web\u00a0<a href=\"https:\/\/a-netservice.be\/\">https:\/\/a-netservice.be\/<\/a>\u00a0(ci-apr\u00e8s le \"<strong>Site web<\/strong>\") et\/ou de nos services, vous reconnaissez avoir lu attentivement la pr\u00e9sente politique de confidentialit\u00e9 et l'accepter sans r\u00e9serve.<\/p><h2 class=\"wp-block-heading\"><strong>Article 2 : D\u00e9finitions<\/strong><\/h2><p>2.1\u00a0\u00a0\u00a0\u00a0\u00a0\u00a0\u00a0<strong>Donn\u00e9es personnelles<\/strong>\u00a0comprennent toutes les donn\u00e9es par lesquelles une personne peut \u00eatre directement ou indirectement identifi\u00e9e, telles que le nom, le pr\u00e9nom, l'adresse, le num\u00e9ro de t\u00e9l\u00e9phone, l'adresse IP, les donn\u00e9es de facturation,... Sont \u00e9galement incluses toutes les donn\u00e9es qui, directement ou par combinaison, peuvent conduire \u00e0 l'identification d'une personne.<\/p><p>2.2\u00a0\u00a0\u00a0\u00a0\u00a0\u00a0\u00a0<strong>Processus<\/strong>\u00a0comprend pratiquement toute utilisation des donn\u00e9es \u00e0 caract\u00e8re personnel, telle que leur collecte, leur stockage, leur modification, leur consultation, leur diffusion ou leur effacement.<\/p><p>2.3\u00a0\u00a0\u00a0\u00a0\u00a0\u00a0\u00a0<strong>Le contr\u00f4leur<\/strong>\u00a0d\u00e9termine les donn\u00e9es \u00e0 caract\u00e8re personnel qui sont trait\u00e9es, les moyens utilis\u00e9s pour ce faire et les finalit\u00e9s poursuivies.<\/p><p>2.4\u00a0\u00a0\u00a0\u00a0\u00a0\u00a0\u00a0<strong>Processeurs<\/strong>\u00a0sont des parties qui traitent des donn\u00e9es \u00e0 caract\u00e8re personnel pour le compte du responsable du traitement. Nous concluons un accord de sous-traitance avec chaque sous-traitant en tant que cadre d'accords afin de prot\u00e9ger au mieux vos donn\u00e9es \u00e0 caract\u00e8re personnel.<\/p><h2 class=\"wp-block-heading\"><strong>Article 3 : Protection des donn\u00e9es \u00e0 caract\u00e8re personnel (dispositions g\u00e9n\u00e9rales)<\/strong>)<\/h2><p>3.1 Nous consid\u00e9rons qu'il est important de traiter vos donn\u00e9es personnelles avec soin. Nous le faisons donc conform\u00e9ment \u00e0 la l\u00e9gislation europ\u00e9enne sur la protection des donn\u00e9es (la \"<strong>R\u00e8glement g\u00e9n\u00e9ral sur la protection des donn\u00e9es<\/strong>\", abr\u00e9g\u00e9 en \"<strong>AVG<\/strong>\" ou \"<strong>GDPR<\/strong>) et la l\u00e9gislation locale pertinente mettant en \u0153uvre l'AVG, y compris, entre autres, la loi du 30 juillet 2018 relative \u00e0 la protection des personnes physiques \u00e0 l'\u00e9gard du traitement des donn\u00e9es \u00e0 caract\u00e8re personnel (ci-apr\u00e8s d\u00e9nomm\u00e9e, conjointement avec l'AVG, la \"loi sur la protection des personnes physiques \u00e0 l'\u00e9gard du traitement des donn\u00e9es \u00e0 caract\u00e8re personnel\"), ainsi que la l\u00e9gislation locale pertinente mettant en \u0153uvre l'AVG.<strong>Loi sur la protection de la vie priv\u00e9e<\/strong>\").<\/p><p>3.2 Nous ne traitons que les donn\u00e9es \u00e0 caract\u00e8re personnel n\u00e9cessaires aux fins poursuivies. Ce faisant, nous veillons \u00e0 l'exhaustivit\u00e9 et \u00e0 l'exactitude de vos donn\u00e9es \u00e0 caract\u00e8re personnel.<\/p><p>3.3 En principe, nous ne conservons pas vos donn\u00e9es \u00e0 caract\u00e8re personnel plus longtemps que n\u00e9cessaire pour la finalit\u00e9 pour laquelle elles ont \u00e9t\u00e9 collect\u00e9es (voir en d\u00e9tail l'article 8).<\/p><p>3.4 Nous prenons \u00e9galement les mesures de s\u00e9curit\u00e9 n\u00e9cessaires pour s\u00e9curiser de mani\u00e8re ad\u00e9quate les donn\u00e9es \u00e0 caract\u00e8re personnel que nous traitons. Nous prenons notamment les mesures suivantes :<\/p><ul><li>Vos donn\u00e9es personnelles ne sont accessibles qu'aux personnes qui en ont besoin pour exercer leurs fonctions ;<\/li><li>Toutes les personnes impliqu\u00e9es dans le traitement de vos donn\u00e9es personnelles, qu'il s'agisse d'employ\u00e9s internes ou de parties externes, sont \u00e9galement tenues, l\u00e9galement ou contractuellement, de respecter la confidentialit\u00e9 de ces donn\u00e9es par le biais d'un engagement de confidentialit\u00e9 figurant dans leur contrat ;<\/li><li>Acc\u00e8s restreint aux serveurs o\u00f9 sont stock\u00e9es les donn\u00e9es personnelles (entrer des mots de passe pour acc\u00e9der au programme).<\/li><\/ul><p>3.5 Nous ne pouvons en aucun cas \u00eatre tenus responsables des dommages directs ou indirects r\u00e9sultant d'une utilisation incorrecte ou ill\u00e9gale de donn\u00e9es \u00e0 caract\u00e8re personnel par un tiers, \u00e0 moins que ce tiers n'ait \u00e9t\u00e9 engag\u00e9 par nous.<\/p><p>3.6 Vous devez respecter les r\u00e8gles de s\u00e9curit\u00e9 \u00e0 tout moment. Vous \u00eates donc seul responsable de l'utilisation faite \u00e0 partir du site Internet de votre ordinateur, de votre adresse IP et de vos donn\u00e9es d'identification, ainsi que de leur confidentialit\u00e9.<\/p><p>3.7 Lorsque nous engageons des sous-traitants, nous d\u00e9finissons le cadre des accords relatifs \u00e0 ce traitement dans un accord de traitement. Cet accord de traitement couvre, entre autres, les finalit\u00e9s et la lic\u00e9it\u00e9 du traitement, ainsi que la s\u00e9curit\u00e9 des donn\u00e9es \u00e0 caract\u00e8re personnel.<\/p><h2 class=\"wp-block-heading\"><strong>Article 4 : Quelles donn\u00e9es personnelles traitons-nous et de quelle mani\u00e8re ?<\/strong><\/h2><p>4.1 Nous pouvons traiter les donn\u00e9es personnelles suivantes :<\/p><ul><li>Lors de la visite du site web : y compris votre adresse IP et votre choix de langue, le type de navigateur, la situation g\u00e9ographique, les pr\u00e9f\u00e9rences, le syst\u00e8me d'exploitation, etc. (\"informations techniques\") et au moyen de cookies (voir la politique en mati\u00e8re de cookies) :\u00a0<a title=\"a-netservice.be\/cookie-policy\" href=\"http:\/\/httpsa-netservice.be\/cookiebeleid\">a-netservice.be\/cookie-policy<\/a>)<\/li><li>Lorsque vous remplissez le formulaire de contact : nom, pr\u00e9nom, adresse \u00e9lectronique, num\u00e9ro de t\u00e9l\u00e9phone et toute autre donn\u00e9e personnelle que vous fournissez dans le message ;<\/li><li>Pour tout autre contact avec nous, par exemple par e-mail ou par t\u00e9l\u00e9phone : les donn\u00e9es que vous nous fournissez lorsque vous nous contactez.<\/li><\/ul><h2 class=\"wp-block-heading\"><strong>Article 5 : Pourquoi traitons-nous vos donn\u00e9es \u00e0 caract\u00e8re personnel (finalit\u00e9s) ?<\/strong><\/h2><p>5.1 Nous ne collectons et n'utilisons vos donn\u00e9es \u00e0 caract\u00e8re personnel que si nous avons \u00e9tabli un objectif clair et l\u00e9gitime.<\/p><p>5.2 Nous recueillons des informations techniques afin de surveiller et d'am\u00e9liorer le site web et de compiler des statistiques anonymes sur les visiteurs.<\/p><p>5.3 Nous collectons \u00e9galement des donn\u00e9es \u00e0 caract\u00e8re personnel (par exemple des donn\u00e9es d'identit\u00e9) dans le but (i) d'\u00eatre en mesure d'ex\u00e9cuter un contrat (ii) de remplir une obligation l\u00e9gale, ou (iii) de vous contacter en r\u00e9ponse \u00e0 une demande particuli\u00e8re que vous nous avez adress\u00e9e.<\/p><p>5.4 Nous traiterons donc vos donn\u00e9es \u00e0 caract\u00e8re personnel notamment pour conclure et ex\u00e9cuter un contrat avec vous, pour respecter une obligation l\u00e9gale ou pour nos propres int\u00e9r\u00eats l\u00e9gitimes. Si vous ne pouvez pas fournir les donn\u00e9es personnelles n\u00e9cessaires, nous ne pouvons pas garantir que nous :<\/p><ul><li>pourra conclure un accord avec vous ;<\/li><li>\u00eatre en mesure de traiter votre demande ;<\/li><li>de pouvoir vous contacter.<\/li><\/ul><h2 class=\"wp-block-heading\"><strong>Article 6 : Peut-on traiter vos donn\u00e9es \u00e0 caract\u00e8re personnel (base juridique) ?<\/strong><\/h2><p>6.1 Nous traitons les donn\u00e9es \u00e0 caract\u00e8re personnel que vous fournissez via le site web et\/ou par courrier \u00e9lectronique et\/ou par tout autre moyen sur la base des motifs de traitement suivants :<\/p><ul><li>pour se conformer \u00e0 une obligation l\u00e9gale, par exemple si une agence gouvernementale nous oblige \u00e0 transf\u00e9rer certaines donn\u00e9es \u00e0 caract\u00e8re personnel ;<\/li><li>lorsque vous avez donn\u00e9 votre consentement sp\u00e9cifique \u00e0 cet effet, par exemple via des formulaires de contact, verbalement, par courrier \u00e9lectronique, etc ;<\/li><li>Pour l'ex\u00e9cution d'un accord avec vous.<\/li><\/ul><h2 class=\"wp-block-heading\"><strong>Article 7 : Partageons-nous vos donn\u00e9es \u00e0 caract\u00e8re personnel avec d'autres personnes (en dehors de l'UE ou non) ?<\/strong><\/h2><p>7.1 Nous ne partageons pas vos donn\u00e9es avec des tiers, sauf dans les cas suivants :<\/p><ul><li>vous nous donnez l'autorisation pr\u00e9alable de le faire ;<\/li><li>nous sommes l\u00e9galement oblig\u00e9s de le faire ;<\/li><li>elles sont demand\u00e9es dans le cadre d'une enqu\u00eate (judiciaire) ;<\/li><li>si nous faisons appel \u00e0 une entreprise externe (par exemple notre constructeur de site web, une soci\u00e9t\u00e9 de logiciels ou un bureau de conseil sp\u00e9cialis\u00e9) pour ex\u00e9cuter une t\u00e2che, celle-ci ne peut traiter vos donn\u00e9es \u00e0 caract\u00e8re personnel que dans le cadre convenu avec elle et apr\u00e8s avoir respect\u00e9 les dispositions de la loi sur la protection de la vie priv\u00e9e. \u00c0 cette fin, nous avons conclu les accords de traitement n\u00e9cessaires avec ces entreprises externes.<\/li><\/ul><p>7.2 Nous ne vendrons pas, ne louerons pas et ne mettrons pas commercialement vos donn\u00e9es personnelles \u00e0 la disposition de tiers, sauf avec votre consentement pr\u00e9alable.<\/p><h2 class=\"wp-block-heading\"><strong>Article 8 : Combien de temps conservons-nous vos donn\u00e9es \u00e0 caract\u00e8re personnel ?<\/strong><\/h2><p>8.1 Vos donn\u00e9es \u00e0 caract\u00e8re personnel ne seront trait\u00e9es que pendant la dur\u00e9e n\u00e9cessaire \u00e0 la r\u00e9alisation des finalit\u00e9s. Elles seront donc conserv\u00e9es pendant la p\u00e9riode n\u00e9cessaire pour atteindre les objectifs ou pour se conformer aux exigences l\u00e9gales (y compris dans le domaine de la comptabilit\u00e9 ou en vertu d'une l\u00e9gislation sp\u00e9cifique).<\/p><h2 class=\"wp-block-heading\"><strong>Article 9 : Quels sont vos droits ?<\/strong><\/h2><p>9.1 Conform\u00e9ment \u00e0 la loi sur la protection de la vie priv\u00e9e, vous disposez des droits suivants en ce qui concerne vos donn\u00e9es \u00e0 caract\u00e8re personnel :<\/p><ul><li>Droit d'inspection ;<\/li><li>Droit d'am\u00e9lioration ;<\/li><li>Droit \u00e0 l'effacement ;<\/li><li>Droit de restriction ;<\/li><li>Droit d'opposition ;<\/li><li>Droit de transfert.<\/li><\/ul><p>9.2 Si le traitement est fond\u00e9 sur votre consentement pr\u00e9alable, vous avez bien entendu toujours le droit de retirer ce consentement.<\/p><p>9.3 Vous pouvez exercer les droits susmentionn\u00e9s :<\/p><ul><li>par courrier \u00e9lectronique \u00e0 l'adresse suivante\u00a0<a href=\"mailto:privacy@a-netservice.be\">privacy@a-netservice.be<\/a><\/li><li>par lettre recommand\u00e9e \u00e0 A-Net, \u00e0 l'adresse suivante : Industrieweg 57B, 3583 Beringen.<\/li><\/ul><p>9.4 Nous nous efforcerons de vous r\u00e9pondre dans les meilleurs d\u00e9lais et au plus tard dans les 30 (trente) jours suivant la r\u00e9ception de la demande.<\/p><p>9.5 Nous nous r\u00e9servons le droit de demander des pi\u00e8ces d'identit\u00e9 suppl\u00e9mentaires \u00e0 des fins d'identification.<\/p><p>9.6 Enfin, vous avez le droit d'introduire une plainte contre ou au sujet du traitement de vos donn\u00e9es \u00e0 caract\u00e8re personnel aupr\u00e8s de l'Autorit\u00e9 belge de protection des donn\u00e9es, Rue du Printing Press 35, 1000 Bruxelles, Tel +32 (0)2 274 48 00, e-mail :\u00a0<a href=\"mailto:contact@apd-gba.be\">contact@apd-gba.be<\/a>.<\/p><h2 class=\"wp-block-heading\"><strong>Article 10 : Amendements<\/strong><\/h2><p>10.1 A-Net se r\u00e9serve le droit de modifier la politique de confidentialit\u00e9 \u00e0 tout moment. En utilisant le site web et\/ou nos services, vous acceptez toutes les conditions de la politique de confidentialit\u00e9 telles qu'elles sont d\u00e9termin\u00e9es au moment de l'utilisation. Lors de tout acc\u00e8s au site web, apr\u00e8s que la politique de confidentialit\u00e9 a \u00e9t\u00e9 modifi\u00e9e, vous serez r\u00e9put\u00e9 avoir pris connaissance des changements et les accepter dans la mesure o\u00f9 ces changements sont visibles dans la politique de confidentialit\u00e9 modifi\u00e9e.<\/p>\t\t\t\t\t\t\t\t<\/div>\n\t\t\t\t<\/div>\n\t\t\t\t\t<\/div>\n\t\t<\/div>\n\t\t\t\t\t<\/div>\n\t\t<\/section>\n\t\t\t\t<\/div>","protected":false},"excerpt":{"rendered":"<p>Article 1 : Champ d'application 1.1 La pr\u00e9sente politique de protection de la vie priv\u00e9e (la \"politique de protection de la vie priv\u00e9e\") s'applique \u00e0 toutes les donn\u00e9es \u00e0 caract\u00e8re personnel collect\u00e9es par (i) A-NET BV, dont le si\u00e8ge social est situ\u00e9 Industrieweg 57B, 3583 Beringen et dont le num\u00e9ro d'entreprise est 0689.769.077, (ii)...<\/p>","protected":false},"author":1,"featured_media":0,"parent":0,"menu_order":9999999,"comment_status":"closed","ping_status":"closed","template":"","meta":{"footnotes":""},"class_list":["post-43","page","type-page","status-publish","hentry"],"yoast_head":"<!-- This site is optimized with the Yoast SEO Premium plugin v21.7 (Yoast SEO v26.9) - https:\/\/yoast.com\/product\/yoast-seo-premium-wordpress\/ -->\n<title>Privacybeleid - A-NET<\/title>\n<meta name=\"robots\" content=\"index, follow, max-snippet:-1, max-image-preview:large, max-video-preview:-1\" \/>\n<link rel=\"canonical\" href=\"https:\/\/a-net-be-867172.hostingersite.com\/privacybeleid\/\" \/>\n<meta property=\"og:locale\" content=\"fr_FR\" \/>\n<meta property=\"og:type\" content=\"article\" \/>\n<meta property=\"og:title\" content=\"Privacybeleid\" \/>\n<meta property=\"og:description\" content=\"Artikel 1: Toepassingsgebied 1.1\u00a0\u00a0\u00a0\u00a0\u00a0\u00a0 Dit privacybeleid (het \u201cPrivacybeleid\u201d) is van toepassing op alle persoonsgegevens die (i) A-NET BV, met vennootschapszetel te Industrieweg 57B, 3583 Beringen en met ondernemingsnummer 0689.769.077, (ii)&hellip;\" \/>\n<meta property=\"og:url\" content=\"https:\/\/a-net-be-867172.hostingersite.com\/privacybeleid\/\" \/>\n<meta property=\"og:site_name\" content=\"A-NET\" \/>\n<meta property=\"article:modified_time\" content=\"2024-12-11T11:27:06+00:00\" \/>\n<meta name=\"twitter:card\" content=\"summary_large_image\" \/>\n<meta name=\"twitter:label1\" content=\"Dur\u00e9e de lecture estim\u00e9e\" \/>\n\t<meta name=\"twitter:data1\" content=\"7 minutes\" \/>\n<script type=\"application\/ld+json\" class=\"yoast-schema-graph\">{\"@context\":\"https:\/\/schema.org\",\"@graph\":[{\"@type\":\"WebPage\",\"@id\":\"https:\/\/a-net-be-867172.hostingersite.com\/privacybeleid\/\",\"url\":\"https:\/\/a-net-be-867172.hostingersite.com\/privacybeleid\/\",\"name\":\"Privacybeleid - A-NET\",\"isPartOf\":{\"@id\":\"https:\/\/a-net-be-867172.hostingersite.com\/#website\"},\"datePublished\":\"2021-01-27T08:23:10+00:00\",\"dateModified\":\"2024-12-11T11:27:06+00:00\",\"breadcrumb\":{\"@id\":\"https:\/\/a-net-be-867172.hostingersite.com\/privacybeleid\/#breadcrumb\"},\"inLanguage\":\"fr-FR\",\"potentialAction\":[{\"@type\":\"ReadAction\",\"target\":[\"https:\/\/a-net-be-867172.hostingersite.com\/privacybeleid\/\"]}]},{\"@type\":\"BreadcrumbList\",\"@id\":\"https:\/\/a-net-be-867172.hostingersite.com\/privacybeleid\/#breadcrumb\",\"itemListElement\":[{\"@type\":\"ListItem\",\"position\":1,\"name\":\"Home\",\"item\":\"https:\/\/a-net.be\/\"},{\"@type\":\"ListItem\",\"position\":2,\"name\":\"Privacybeleid\"}]},{\"@type\":\"WebSite\",\"@id\":\"https:\/\/a-net-be-867172.hostingersite.com\/#website\",\"url\":\"https:\/\/a-net-be-867172.hostingersite.com\/\",\"name\":\"A-NET\",\"description\":\"\",\"publisher\":{\"@id\":\"https:\/\/a-net-be-867172.hostingersite.com\/#organization\"},\"potentialAction\":[{\"@type\":\"SearchAction\",\"target\":{\"@type\":\"EntryPoint\",\"urlTemplate\":\"https:\/\/a-net-be-867172.hostingersite.com\/?s={search_term_string}\"},\"query-input\":{\"@type\":\"PropertyValueSpecification\",\"valueRequired\":true,\"valueName\":\"search_term_string\"}}],\"inLanguage\":\"fr-FR\"},{\"@type\":\"Organization\",\"@id\":\"https:\/\/a-net-be-867172.hostingersite.com\/#organization\",\"name\":\"A-NET\",\"url\":\"https:\/\/a-net-be-867172.hostingersite.com\/\",\"logo\":{\"@type\":\"ImageObject\",\"inLanguage\":\"fr-FR\",\"@id\":\"https:\/\/a-net-be-867172.hostingersite.com\/#\/schema\/logo\/image\/\",\"url\":\"https:\/\/a-net.be\/wp-content\/uploads\/2024\/10\/cropped-logo-zwart-new.png\",\"contentUrl\":\"https:\/\/a-net.be\/wp-content\/uploads\/2024\/10\/cropped-logo-zwart-new.png\",\"width\":830,\"height\":268,\"caption\":\"A-NET\"},\"image\":{\"@id\":\"https:\/\/a-net-be-867172.hostingersite.com\/#\/schema\/logo\/image\/\"}}]}<\/script>\n<!-- \/ Yoast SEO Premium plugin. -->","yoast_head_json":{"title":"Privacybeleid - A-NET","robots":{"index":"index","follow":"follow","max-snippet":"max-snippet:-1","max-image-preview":"max-image-preview:large","max-video-preview":"max-video-preview:-1"},"canonical":"https:\/\/a-net-be-867172.hostingersite.com\/privacybeleid\/","og_locale":"fr_FR","og_type":"article","og_title":"Privacybeleid","og_description":"Artikel 1: Toepassingsgebied 1.1\u00a0\u00a0\u00a0\u00a0\u00a0\u00a0 Dit privacybeleid (het \u201cPrivacybeleid\u201d) is van toepassing op alle persoonsgegevens die (i) A-NET BV, met vennootschapszetel te Industrieweg 57B, 3583 Beringen en met ondernemingsnummer 0689.769.077, (ii)&hellip;","og_url":"https:\/\/a-net-be-867172.hostingersite.com\/privacybeleid\/","og_site_name":"A-NET","article_modified_time":"2024-12-11T11:27:06+00:00","twitter_card":"summary_large_image","twitter_misc":{"Dur\u00e9e de lecture estim\u00e9e":"7 minutes"},"schema":{"@context":"https:\/\/schema.org","@graph":[{"@type":"WebPage","@id":"https:\/\/a-net-be-867172.hostingersite.com\/privacybeleid\/","url":"https:\/\/a-net-be-867172.hostingersite.com\/privacybeleid\/","name":"Privacybeleid - A-NET","isPartOf":{"@id":"https:\/\/a-net-be-867172.hostingersite.com\/#website"},"datePublished":"2021-01-27T08:23:10+00:00","dateModified":"2024-12-11T11:27:06+00:00","breadcrumb":{"@id":"https:\/\/a-net-be-867172.hostingersite.com\/privacybeleid\/#breadcrumb"},"inLanguage":"fr-FR","potentialAction":[{"@type":"ReadAction","target":["https:\/\/a-net-be-867172.hostingersite.com\/privacybeleid\/"]}]},{"@type":"BreadcrumbList","@id":"https:\/\/a-net-be-867172.hostingersite.com\/privacybeleid\/#breadcrumb","itemListElement":[{"@type":"ListItem","position":1,"name":"Home","item":"https:\/\/a-net.be\/"},{"@type":"ListItem","position":2,"name":"Privacybeleid"}]},{"@type":"WebSite","@id":"https:\/\/a-net-be-867172.hostingersite.com\/#website","url":"https:\/\/a-net-be-867172.hostingersite.com\/","name":"A-NET","description":"","publisher":{"@id":"https:\/\/a-net-be-867172.hostingersite.com\/#organization"},"potentialAction":[{"@type":"SearchAction","target":{"@type":"EntryPoint","urlTemplate":"https:\/\/a-net-be-867172.hostingersite.com\/?s={search_term_string}"},"query-input":{"@type":"PropertyValueSpecification","valueRequired":true,"valueName":"search_term_string"}}],"inLanguage":"fr-FR"},{"@type":"Organization","@id":"https:\/\/a-net-be-867172.hostingersite.com\/#organization","name":"A-NET","url":"https:\/\/a-net-be-867172.hostingersite.com\/","logo":{"@type":"ImageObject","inLanguage":"fr-FR","@id":"https:\/\/a-net-be-867172.hostingersite.com\/#\/schema\/logo\/image\/","url":"https:\/\/a-net.be\/wp-content\/uploads\/2024\/10\/cropped-logo-zwart-new.png","contentUrl":"https:\/\/a-net.be\/wp-content\/uploads\/2024\/10\/cropped-logo-zwart-new.png","width":830,"height":268,"caption":"A-NET"},"image":{"@id":"https:\/\/a-net-be-867172.hostingersite.com\/#\/schema\/logo\/image\/"}}]}},"_links":{"self":[{"href":"https:\/\/a-net.be\/fr\/wp-json\/wp\/v2\/pages\/43","targetHints":{"allow":["GET"]}}],"collection":[{"href":"https:\/\/a-net.be\/fr\/wp-json\/wp\/v2\/pages"}],"about":[{"href":"https:\/\/a-net.be\/fr\/wp-json\/wp\/v2\/types\/page"}],"author":[{"embeddable":true,"href":"https:\/\/a-net.be\/fr\/wp-json\/wp\/v2\/users\/1"}],"replies":[{"embeddable":true,"href":"https:\/\/a-net.be\/fr\/wp-json\/wp\/v2\/comments?post=43"}],"version-history":[{"count":12,"href":"https:\/\/a-net.be\/fr\/wp-json\/wp\/v2\/pages\/43\/revisions"}],"predecessor-version":[{"id":1873,"href":"https:\/\/a-net.be\/fr\/wp-json\/wp\/v2\/pages\/43\/revisions\/1873"}],"wp:attachment":[{"href":"https:\/\/a-net.be\/fr\/wp-json\/wp\/v2\/media?parent=43"}],"curies":[{"name":"wp","href":"https:\/\/api.w.org\/{rel}","templated":true}]}}